{"id":973,"date":"2023-05-06T12:39:56","date_gmt":"2023-05-06T12:39:56","guid":{"rendered":"https:\/\/www.lifytag.com\/TR\/?post_type=product&#038;p=973"},"modified":"2024-06-26T13:08:56","modified_gmt":"2024-06-26T10:08:56","slug":"qr-captain","status":"publish","type":"product","link":"https:\/\/www.lifytag.com\/TR\/urun\/qr-captain\/","title":{"rendered":"QR  Captain"},"content":{"rendered":"<p>LIFYTAG teknolojisi ile \u00fcretilmi\u015f QR etiketlerimiz size \u00f6zeldir ve sadece telefon numaran\u0131z\u0131 de\u011fil istedi\u011finiz notu da yazabilirsiniz. \u0130htiyac\u0131n\u0131z olmas\u0131n ama &#8220;Acil Durum&#8221; ileti\u015fim bilgilerinizi g\u00f6sterebilirsiniz. Herhangi bir uygulama y\u00fcklemenize gerek yok, telefonunuzun kameras\u0131 yeterlidir. Ayr\u0131ca QR kodunuzun nereden tarat\u0131ld\u0131\u011f\u0131n\u0131 da takip edebileceksiniz ve QR kodunuz her okutuldu\u011funda size haber verece\u011fiz. Merak etmeyin kurulum \u00e7ok kolay herkes yapabilir ve diledi\u011finiz zaman yazd\u0131\u011f\u0131n\u0131z mesaj\u0131 da de\u011fi\u015ftirebilirsiniz. QR kartlar\u0131m\u0131z suya ve y\u0131pranmaya dayan\u0131kl\u0131d\u0131r.<\/p>\n<p>Diledi\u011finiz kadar \u00e7o\u011falt\u0131p, \u00e7\u0131kt\u0131s\u0131n\u0131 alabilirsiniz. Kurulumu T\u00fcrk\u00e7e, Azerice, Rus\u00e7a ve \u0130ngilizce yapabilirsiniz. Diledi\u011finiz her yerde LIFYTAG! ;<\/p>\n","protected":false},"excerpt":{"rendered":"<p>Lifytag Tekne etiketi sayesinde telefon numaran\u0131z\u0131 yazmadan sizinle ileti\u015fime ge\u00e7ilmesini sa\u011flay\u0131n. \u0130htiya\u00e7 durumunda sizinle nas\u0131l ileti\u015fime ge\u00e7ilece\u011fini bilsinler.<\/p>\n","protected":false},"featured_media":10674,"comment_status":"open","ping_status":"closed","template":"","meta":{"om_disable_all_campaigns":false,"_monsterinsights_skip_tracking":false,"_monsterinsights_sitenote_active":false,"_monsterinsights_sitenote_note":"","_monsterinsights_sitenote_category":0},"product_brand":[],"product_cat":[246,218],"product_tag":[222,228,230],"class_list":{"0":"post-973","1":"product","2":"type-product","3":"status-publish","4":"has-post-thumbnail","6":"product_cat-tekne-etiketleri","7":"product_cat-arac","8":"product_tag-etiket","9":"product_tag-tekne","10":"product_tag-yelkenli","12":"first","13":"outofstock","14":"sale","15":"shipping-taxable","16":"purchasable","17":"product-type-variable","18":"has-default-attributes"},"aioseo_notices":[],"jetpack_sharing_enabled":true,"_links":{"self":[{"href":"https:\/\/www.lifytag.com\/TR\/wp-json\/wp\/v2\/product\/973","targetHints":{"allow":["GET"]}}],"collection":[{"href":"https:\/\/www.lifytag.com\/TR\/wp-json\/wp\/v2\/product"}],"about":[{"href":"https:\/\/www.lifytag.com\/TR\/wp-json\/wp\/v2\/types\/product"}],"replies":[{"embeddable":true,"href":"https:\/\/www.lifytag.com\/TR\/wp-json\/wp\/v2\/comments?post=973"}],"wp:featuredmedia":[{"embeddable":true,"href":"https:\/\/www.lifytag.com\/TR\/wp-json\/wp\/v2\/media\/10674"}],"wp:attachment":[{"href":"https:\/\/www.lifytag.com\/TR\/wp-json\/wp\/v2\/media?parent=973"}],"wp:term":[{"taxonomy":"product_brand","embeddable":true,"href":"https:\/\/www.lifytag.com\/TR\/wp-json\/wp\/v2\/product_brand?post=973"},{"taxonomy":"product_cat","embeddable":true,"href":"https:\/\/www.lifytag.com\/TR\/wp-json\/wp\/v2\/product_cat?post=973"},{"taxonomy":"product_tag","embeddable":true,"href":"https:\/\/www.lifytag.com\/TR\/wp-json\/wp\/v2\/product_tag?post=973"}],"curies":[{"name":"wp","href":"https:\/\/api.w.org\/{rel}","templated":true}]}}