{"id":971,"date":"2023-05-06T12:36:46","date_gmt":"2023-05-06T12:36:46","guid":{"rendered":"https:\/\/www.lifytag.com\/TR\/?post_type=product&#038;p=971"},"modified":"2024-05-06T11:18:17","modified_gmt":"2024-05-06T08:18:17","slug":"qr-etiket","status":"publish","type":"product","link":"https:\/\/www.lifytag.com\/TR\/urun\/qr-etiket\/","title":{"rendered":"Lifytag QR kartlar\u0131"},"content":{"rendered":"<p>QR kartlar\u0131m\u0131z sayesinde kaybolan e\u015fyalar\u0131n\u0131z size geri d\u00f6necektir. Ayr\u0131ca kare kodunuzun hangi b\u00f6lgeden ve ne zaman tarat\u0131ld\u0131\u011f\u0131n\u0131 da takip edebilirsiniz. Lifytag PVC kart veya etiket sat\u0131n ald\u0131\u011f\u0131n\u0131zda, QR kodunuzu \u00e7o\u011faltabilmeniz i\u00e7in dijital kopyas\u0131 da ayr\u0131ca size g\u00f6nderilecektir.<\/p>\n<p>&nbsp;<\/p>\n<p>\u00dcr\u00fcn\u00fcn etiket versiyonu trendyol ma\u011fazam\u0131zda. Sat\u0131n almak i\u00e7in <a href=\"https:\/\/www.trendyol.com\/lifytag\/qr-etiket-dijital-valiz-etiketi-p-744620322?boutiqueId=61&amp;merchantId=840298&amp;filterOverPriceListings=false&amp;sav=true\">t\u0131klay\u0131n\u0131z<\/a>.<\/p>\n<p>&nbsp;<\/p>\n","protected":false},"excerpt":{"rendered":"<p>Lifytag kare kodlar\u0131n\u0131z\u0131 bavulunuzda, \u00e7antan\u0131zda, c\u00fczdan\u0131n\u0131zda kullanabilirsiniz.<\/p>\n<p>Etiket, plastik kart (PVC), dijital se\u00e7eneklerimiz mevcuttur.<\/p>\n<p>\u00dcr\u00fcn\u00fcn etiket versiyonu trendyol ma\u011fazam\u0131zda. Sat\u0131n almak i\u00e7in t\u0131klay\u0131n\u0131z.<\/p>\n","protected":false},"featured_media":8059,"comment_status":"open","ping_status":"closed","template":"","meta":{"om_disable_all_campaigns":false,"_monsterinsights_skip_tracking":false,"_monsterinsights_sitenote_active":false,"_monsterinsights_sitenote_note":"","_monsterinsights_sitenote_category":0},"product_brand":[],"product_cat":[227],"product_tag":[],"class_list":{"0":"post-971","1":"product","2":"type-product","3":"status-publish","4":"has-post-thumbnail","6":"product_cat-seyahat","8":"first","9":"outofstock","10":"featured","11":"shipping-taxable","12":"product-type-variable","13":"has-default-attributes"},"aioseo_notices":[],"jetpack_sharing_enabled":true,"_links":{"self":[{"href":"https:\/\/www.lifytag.com\/TR\/wp-json\/wp\/v2\/product\/971","targetHints":{"allow":["GET"]}}],"collection":[{"href":"https:\/\/www.lifytag.com\/TR\/wp-json\/wp\/v2\/product"}],"about":[{"href":"https:\/\/www.lifytag.com\/TR\/wp-json\/wp\/v2\/types\/product"}],"replies":[{"embeddable":true,"href":"https:\/\/www.lifytag.com\/TR\/wp-json\/wp\/v2\/comments?post=971"}],"wp:featuredmedia":[{"embeddable":true,"href":"https:\/\/www.lifytag.com\/TR\/wp-json\/wp\/v2\/media\/8059"}],"wp:attachment":[{"href":"https:\/\/www.lifytag.com\/TR\/wp-json\/wp\/v2\/media?parent=971"}],"wp:term":[{"taxonomy":"product_brand","embeddable":true,"href":"https:\/\/www.lifytag.com\/TR\/wp-json\/wp\/v2\/product_brand?post=971"},{"taxonomy":"product_cat","embeddable":true,"href":"https:\/\/www.lifytag.com\/TR\/wp-json\/wp\/v2\/product_cat?post=971"},{"taxonomy":"product_tag","embeddable":true,"href":"https:\/\/www.lifytag.com\/TR\/wp-json\/wp\/v2\/product_tag?post=971"}],"curies":[{"name":"wp","href":"https:\/\/api.w.org\/{rel}","templated":true}]}}