{"id":9568,"date":"2023-12-26T12:57:26","date_gmt":"2023-12-26T09:57:26","guid":{"rendered":"https:\/\/www.lifytag.com\/TR\/?post_type=product&#038;p=9568"},"modified":"2024-05-06T10:24:24","modified_gmt":"2024-05-06T07:24:24","slug":"qr-numarator-100","status":"publish","type":"product","link":"https:\/\/www.lifytag.com\/TR\/urun\/qr-numarator-100\/","title":{"rendered":"QR Numarat\u00f6r 100&#8217;l\u00fc Paket"},"content":{"rendered":"<p>Lifytag QR etiketlerini toptan alarak ma\u011fazan\u0131zda satabilirsiniz<\/p>\n","protected":false},"excerpt":{"rendered":"<p>Lifytag \u00fcr\u00fcnlerinin sat\u0131\u015f\u0131n\u0131 yaparak siz de gelirinizi artt\u0131rabilirsiniz. Bir paket i\u00e7erisinde 100 Adet ayr\u0131 kutulanm\u0131\u015f \u00fcr\u00fcn bulunur.<\/p>\n","protected":false},"featured_media":9970,"comment_status":"open","ping_status":"closed","template":"","meta":{"om_disable_all_campaigns":false,"_monsterinsights_skip_tracking":false,"_monsterinsights_sitenote_active":false,"_monsterinsights_sitenote_note":"","_monsterinsights_sitenote_category":0},"product_brand":[],"product_cat":[218,229],"product_tag":[],"class_list":{"0":"post-9568","1":"product","2":"type-product","3":"status-publish","4":"has-post-thumbnail","6":"product_cat-arac","7":"product_cat-toptan","9":"first","10":"outofstock","11":"sale","12":"shipping-taxable","13":"purchasable","14":"product-type-simple"},"aioseo_notices":[],"jetpack_sharing_enabled":true,"_links":{"self":[{"href":"https:\/\/www.lifytag.com\/TR\/wp-json\/wp\/v2\/product\/9568","targetHints":{"allow":["GET"]}}],"collection":[{"href":"https:\/\/www.lifytag.com\/TR\/wp-json\/wp\/v2\/product"}],"about":[{"href":"https:\/\/www.lifytag.com\/TR\/wp-json\/wp\/v2\/types\/product"}],"replies":[{"embeddable":true,"href":"https:\/\/www.lifytag.com\/TR\/wp-json\/wp\/v2\/comments?post=9568"}],"wp:featuredmedia":[{"embeddable":true,"href":"https:\/\/www.lifytag.com\/TR\/wp-json\/wp\/v2\/media\/9970"}],"wp:attachment":[{"href":"https:\/\/www.lifytag.com\/TR\/wp-json\/wp\/v2\/media?parent=9568"}],"wp:term":[{"taxonomy":"product_brand","embeddable":true,"href":"https:\/\/www.lifytag.com\/TR\/wp-json\/wp\/v2\/product_brand?post=9568"},{"taxonomy":"product_cat","embeddable":true,"href":"https:\/\/www.lifytag.com\/TR\/wp-json\/wp\/v2\/product_cat?post=9568"},{"taxonomy":"product_tag","embeddable":true,"href":"https:\/\/www.lifytag.com\/TR\/wp-json\/wp\/v2\/product_tag?post=9568"}],"curies":[{"name":"wp","href":"https:\/\/api.w.org\/{rel}","templated":true}]}}