{"id":9567,"date":"2023-12-26T12:51:17","date_gmt":"2023-12-26T09:51:17","guid":{"rendered":"https:\/\/www.lifytag.com\/TR\/?post_type=product&#038;p=9567"},"modified":"2024-05-06T10:25:04","modified_gmt":"2024-05-06T07:25:04","slug":"qr-numarator-30","status":"publish","type":"product","link":"https:\/\/www.lifytag.com\/TR\/urun\/qr-numarator-30\/","title":{"rendered":"QR Numarat\u00f6r 30&#8217;lu Paket"},"content":{"rendered":"<p>Lifytag QR etiketlerini toptan alarak ma\u011fazan\u0131zda satabilirsiniz<\/p>\n","protected":false},"excerpt":{"rendered":"<p>Lifytag \u00fcr\u00fcnlerinin sat\u0131\u015f\u0131n\u0131 yaparak siz de gelirinizi artt\u0131rabilirsiniz. Bir paket i\u00e7erisinde 45 Adet ayr\u0131 kutulanm\u0131\u015f \u00fcr\u00fcn bulunur.<\/p>\n","protected":false},"featured_media":10180,"comment_status":"open","ping_status":"closed","template":"","meta":{"om_disable_all_campaigns":false,"_monsterinsights_skip_tracking":false,"_monsterinsights_sitenote_active":false,"_monsterinsights_sitenote_note":"","_monsterinsights_sitenote_category":0},"product_brand":[],"product_cat":[218,229],"product_tag":[],"class_list":{"0":"post-9567","1":"product","2":"type-product","3":"status-publish","4":"has-post-thumbnail","6":"product_cat-arac","7":"product_cat-toptan","9":"first","10":"outofstock","11":"sale","12":"shipping-taxable","13":"purchasable","14":"product-type-simple"},"aioseo_notices":[],"jetpack_sharing_enabled":true,"_links":{"self":[{"href":"https:\/\/www.lifytag.com\/TR\/wp-json\/wp\/v2\/product\/9567","targetHints":{"allow":["GET"]}}],"collection":[{"href":"https:\/\/www.lifytag.com\/TR\/wp-json\/wp\/v2\/product"}],"about":[{"href":"https:\/\/www.lifytag.com\/TR\/wp-json\/wp\/v2\/types\/product"}],"replies":[{"embeddable":true,"href":"https:\/\/www.lifytag.com\/TR\/wp-json\/wp\/v2\/comments?post=9567"}],"wp:featuredmedia":[{"embeddable":true,"href":"https:\/\/www.lifytag.com\/TR\/wp-json\/wp\/v2\/media\/10180"}],"wp:attachment":[{"href":"https:\/\/www.lifytag.com\/TR\/wp-json\/wp\/v2\/media?parent=9567"}],"wp:term":[{"taxonomy":"product_brand","embeddable":true,"href":"https:\/\/www.lifytag.com\/TR\/wp-json\/wp\/v2\/product_brand?post=9567"},{"taxonomy":"product_cat","embeddable":true,"href":"https:\/\/www.lifytag.com\/TR\/wp-json\/wp\/v2\/product_cat?post=9567"},{"taxonomy":"product_tag","embeddable":true,"href":"https:\/\/www.lifytag.com\/TR\/wp-json\/wp\/v2\/product_tag?post=9567"}],"curies":[{"name":"wp","href":"https:\/\/api.w.org\/{rel}","templated":true}]}}