{"id":9543,"date":"2023-12-26T11:59:20","date_gmt":"2023-12-26T08:59:20","guid":{"rendered":"https:\/\/www.lifytag.com\/TR\/?post_type=product&#038;p=9543"},"modified":"2024-06-26T13:20:57","modified_gmt":"2024-06-26T10:20:57","slug":"qr-kimlik","status":"publish","type":"product","link":"https:\/\/www.lifytag.com\/TR\/urun\/qr-kimlik\/","title":{"rendered":"6&#8217;l\u0131 QR Kimlik &#8211; Etiket"},"content":{"rendered":"<p>LIFYTAG teknolojisi ile \u00fcretilmi\u015f QR etiketlerimizi bavulunuza yap\u0131\u015ft\u0131rd\u0131\u011f\u0131n\u0131zda, sadece telefon numaran\u0131z\u0131 de\u011fil istedi\u011finiz notu da yazabileceksiniz. \u0130htiyac\u0131n\u0131z olmas\u0131n ama &#8220;Acil Durum&#8221; ileti\u015fim bilgilerinizi de g\u00f6sterebilirsiniz. Herhangi bir uygulama y\u00fcklemenize gerek yok, telefonunuzun kameras\u0131 yeterlidir. Ayr\u0131ca QR kodunuzun nereden tarat\u0131ld\u0131\u011f\u0131n\u0131 da takip edebileceksiniz ve QR kodunuz her okutuldu\u011funda size haber verece\u011fiz. Merak etmeyin kurulum \u00e7ok kolay herkes yapabilir ve diledi\u011finiz zaman yazd\u0131\u011f\u0131n\u0131z mesaj\u0131 da de\u011fi\u015ftirebilirsiniz. Etiket boyutlar\u0131m\u0131z 5 x 8 cm &#8216;dir. Suya dayan\u0131kl\u0131 olmayan ka\u011f\u0131t etikettir, tek seyahat i\u00e7in tasarlanm\u0131\u015ft\u0131r. Y\u00fczeyi p\u00fcr\u00fczl\u00fc zeminlerde kullanmak i\u00e7in tavsiyemiz suya da dayan\u0131kl\u0131 olan &#8220;Ak\u0131ll\u0131 QR kart&#8221; veya PVC \u00fcr\u00fcn\u00fcm\u00fczd\u00fcr. QR kodunuzun dijital kopyas\u0131 da ayr\u0131ca size iletilecektir. Diledi\u011finiz kadar \u00e7o\u011falt\u0131p, \u00e7\u0131kt\u0131s\u0131n\u0131 alabilirsiniz. Kurulumu T\u00fcrk\u00e7e, Azerice, Rus\u00e7a ve \u0130ngilizce yapabilirsiniz. Diledi\u011finiz her yerde LIFYTAG! ;<\/p>\n","protected":false},"excerpt":{"rendered":"<p>Ki\u015fiye \u00d6ZEL QR. E\u015fyalar\u0131n\u0131z kaybolmas\u0131n,Lifytag QR kimlikleri sayesinde e\u015fyalar\u0131n\u0131z kaybolursa size ait oldu\u011funu bilsinler. \u0130sterseniz not yaz\u0131n, isterseniz &#8220;Acil Durum Bilglerinizi&#8221; girin. Ayr\u0131ca Lifytag teknolojisi sayesinde telefon numaran\u0131z\u0131 gizli tutabilirsiniz!<\/p>\n<p>Bu \u00fcr\u00fcn tek seyahat i\u00e7in tasarlanm\u0131\u015f olup suya kar\u015f\u0131 dayan\u0131kl\u0131 de\u011fildir.<\/p>\n","protected":false},"featured_media":10670,"comment_status":"open","ping_status":"closed","template":"","meta":{"om_disable_all_campaigns":false,"_monsterinsights_skip_tracking":false,"_monsterinsights_sitenote_active":false,"_monsterinsights_sitenote_note":"","_monsterinsights_sitenote_category":0},"product_brand":[],"product_cat":[227],"product_tag":[],"class_list":{"0":"post-9543","1":"product","2":"type-product","3":"status-publish","4":"has-post-thumbnail","6":"product_cat-seyahat","8":"first","9":"instock","10":"sale","11":"shipping-taxable","12":"purchasable","13":"product-type-variable"},"aioseo_notices":[],"jetpack_sharing_enabled":true,"_links":{"self":[{"href":"https:\/\/www.lifytag.com\/TR\/wp-json\/wp\/v2\/product\/9543","targetHints":{"allow":["GET"]}}],"collection":[{"href":"https:\/\/www.lifytag.com\/TR\/wp-json\/wp\/v2\/product"}],"about":[{"href":"https:\/\/www.lifytag.com\/TR\/wp-json\/wp\/v2\/types\/product"}],"replies":[{"embeddable":true,"href":"https:\/\/www.lifytag.com\/TR\/wp-json\/wp\/v2\/comments?post=9543"}],"wp:featuredmedia":[{"embeddable":true,"href":"https:\/\/www.lifytag.com\/TR\/wp-json\/wp\/v2\/media\/10670"}],"wp:attachment":[{"href":"https:\/\/www.lifytag.com\/TR\/wp-json\/wp\/v2\/media?parent=9543"}],"wp:term":[{"taxonomy":"product_brand","embeddable":true,"href":"https:\/\/www.lifytag.com\/TR\/wp-json\/wp\/v2\/product_brand?post=9543"},{"taxonomy":"product_cat","embeddable":true,"href":"https:\/\/www.lifytag.com\/TR\/wp-json\/wp\/v2\/product_cat?post=9543"},{"taxonomy":"product_tag","embeddable":true,"href":"https:\/\/www.lifytag.com\/TR\/wp-json\/wp\/v2\/product_tag?post=9543"}],"curies":[{"name":"wp","href":"https:\/\/api.w.org\/{rel}","templated":true}]}}