{"id":9540,"date":"2023-12-26T11:56:57","date_gmt":"2023-12-26T08:56:57","guid":{"rendered":"https:\/\/www.lifytag.com\/TR\/?post_type=product&#038;p=9540"},"modified":"2024-08-14T16:43:36","modified_gmt":"2024-08-14T13:43:36","slug":"qr-numarator","status":"publish","type":"product","link":"https:\/\/www.lifytag.com\/TR\/urun\/qr-numarator\/","title":{"rendered":"QR Numarat\u00f6r"},"content":{"rendered":"<p>Arac\u0131n\u0131zda\u00a0 Ak\u0131ll\u0131 QR Numarat\u00f6r kullan\u0131n. Telefon Numaran\u0131z isterseniz gizli kals\u0131n, kimse g\u00f6remesin! LIFYTAG teknolojisi ile \u00fcretilmi\u015f QR etiketlerimizi arac\u0131n\u0131z\u0131n cam\u0131na yap\u0131\u015ft\u0131rd\u0131\u011f\u0131n\u0131zda, Ayr\u0131ca istedi\u011finiz notu, acil durum bilgilerinizi veya her t\u00fcrl\u00fc ileti\u015fim bilginizi QR kodunuza ekleyebilirsiniz. Kasko , sigorta gibi bilgilerinizi girmeniz durumunda yenileme s\u00fcresi gelmeden size hat\u0131rlat\u0131r\u0131z.<br \/>\nHer hangi bir uygulama y\u00fcklemenize gerek yok, telefonunuzun kameras\u0131 yeterlidir. QR kodunuzun nereden tarat\u0131ld\u0131\u011f\u0131n\u0131 edebilirsiniz ve her QR kodu okutuldu\u011funda size mail atar\u0131z.<br \/>\nKurulum \u00e7ok kolay herkes yapabilir ve diledi\u011finiz zaman g\u00fcncelleyebilirsiniz.<br \/>\nCam etiketlerimiz i\u00e7ten yap\u0131\u015fkanl\u0131d\u0131r.Arac\u0131n\u0131z\u0131n cam\u0131na i\u00e7 taraf\u0131ndan yap\u0131\u015ft\u0131r\u0131rs\u0131n\u0131z. B\u00fct\u00fcn \u00fcr\u00fcnlerimizin foto\u011fraf\u0131\u00a0 ek olarak size g\u00f6nderilir. Birden fazla yerde kullanmak isterseniz diledi\u011finiz gibi \u00e7o\u011faltabilirsiniz. Kurulumu T\u00fcrk\u00e7e, Azerice, Rus\u00e7a ve \u0130ngilizce yapabilirsiniz. Diledi\u011finiz her yerde LIFYTAG.<\/p>\n<p>Dilersiniz \u00fcr\u00fcnlerimizi trendyol, hepsiburada ve amazon sayfalar\u0131m\u0131zdan da temin edebilirsiniz.<\/p>\n<p>Di\u011fer Ma\u011fazalar<br \/>\n<strong><a href=\"https:\/\/www.trendyol.com\/lifytag\/qr-numarator-arac-oto-parkmatik-dijital-kimlik-p-785346838?boutiqueId=61&amp;merchantId=840298&amp;filterOverPriceListings=false&amp;sav=true\">Trendyol<\/a><\/strong><br \/>\n<strong><a href=\"https:\/\/www.hepsiburada.com\/qr-numarator-arac-oto-parkmatik-dijital-kimlik-pm-HBC00005H8TXJ?magaza=lifytag\">Hepsiburada<\/a><\/strong><br \/>\n<strong><a href=\"https:\/\/www.amazon.com.tr\/stores\/page\/61E5D5E8-DF75-4590-86AF-30BB22E3B98E?ingress=0&amp;visitId=f3153969-5a07-4edf-93c7-947f79af1421&amp;ref_=cm_sw_r_cp_ud_ast_store_2JRQ33KD82JXF6CJRXV8\">Amazon<\/a><\/strong><\/p>\n<p>&nbsp;<\/p>\n<p>&nbsp;<\/p>\n","protected":false},"excerpt":{"rendered":"<p>Ki\u015fiye \u00d6zel Ak\u0131ll\u0131 QR kodlar\u0131 sayesinde istedi\u011finiz notu payla\u015f\u0131n, telefon numaran\u0131z\u0131 kimse g\u00f6rmeden sizi arayabilsinler, gizlili\u011finizi koruyun.<br \/>\n\u0130htiyac\u0131n\u0131z olmas\u0131n ama &#8220;Acil Durum&#8221; ileti\u015fim bilgilerinizi de g\u00f6sterebilirsiniz. Herhangi bir uygulama y\u00fcklemenize gerek yok, telefonunuzun kameras\u0131 yeterlidir.<br \/>\nAyr\u0131ca kasko, sigorta gibi gerekli belgelerinizi QR kodunuza y\u00fckleyebilir ve yenileme zaman\u0131 geldi\u011finide size hat\u0131rlat\u0131r\u0131z ayr\u0131ca diledi\u011finiz belgeleriniz ula\u015fabilirsiniz.<br \/>\nSadece mesaj, telefon de\u011fil sosyal medya, mail adres, adres gibi diledi\u011finiz b\u00fct\u00fcn bilgilerinizi g\u00f6sterebilirsiniz.<\/p>\n<p>Cam etiketlerimiz i\u00e7ten yap\u0131\u015fkanl\u0131d\u0131r. Arac\u0131n\u0131z\u0131n cam\u0131na i\u00e7 taraf\u0131ndan yap\u0131\u015ft\u0131r\u0131l\u0131r.<\/p>\n<p>Di\u011fer Ma\u011fazalar<br \/>\nTrendyol<br \/>\nHepsiburada<br \/>\nAmazon<\/p>\n<p>&nbsp;<\/p>\n","protected":false},"featured_media":10758,"comment_status":"open","ping_status":"closed","template":"","meta":{"om_disable_all_campaigns":false,"_monsterinsights_skip_tracking":false,"_monsterinsights_sitenote_active":false,"_monsterinsights_sitenote_note":"","_monsterinsights_sitenote_category":0},"product_brand":[],"product_cat":[218],"product_tag":[],"class_list":{"0":"post-9540","1":"product","2":"type-product","3":"status-publish","4":"has-post-thumbnail","6":"product_cat-arac","8":"first","9":"instock","10":"sale","11":"shipping-taxable","12":"purchasable","13":"product-type-simple"},"aioseo_notices":[],"jetpack_sharing_enabled":true,"_links":{"self":[{"href":"https:\/\/www.lifytag.com\/TR\/wp-json\/wp\/v2\/product\/9540","targetHints":{"allow":["GET"]}}],"collection":[{"href":"https:\/\/www.lifytag.com\/TR\/wp-json\/wp\/v2\/product"}],"about":[{"href":"https:\/\/www.lifytag.com\/TR\/wp-json\/wp\/v2\/types\/product"}],"replies":[{"embeddable":true,"href":"https:\/\/www.lifytag.com\/TR\/wp-json\/wp\/v2\/comments?post=9540"}],"wp:featuredmedia":[{"embeddable":true,"href":"https:\/\/www.lifytag.com\/TR\/wp-json\/wp\/v2\/media\/10758"}],"wp:attachment":[{"href":"https:\/\/www.lifytag.com\/TR\/wp-json\/wp\/v2\/media?parent=9540"}],"wp:term":[{"taxonomy":"product_brand","embeddable":true,"href":"https:\/\/www.lifytag.com\/TR\/wp-json\/wp\/v2\/product_brand?post=9540"},{"taxonomy":"product_cat","embeddable":true,"href":"https:\/\/www.lifytag.com\/TR\/wp-json\/wp\/v2\/product_cat?post=9540"},{"taxonomy":"product_tag","embeddable":true,"href":"https:\/\/www.lifytag.com\/TR\/wp-json\/wp\/v2\/product_tag?post=9540"}],"curies":[{"name":"wp","href":"https:\/\/api.w.org\/{rel}","templated":true}]}}