{"id":9524,"date":"2023-12-20T13:09:24","date_gmt":"2023-12-20T10:09:24","guid":{"rendered":"https:\/\/www.lifytag.com\/TR\/?post_type=product&#038;p=9524"},"modified":"2024-06-26T13:15:11","modified_gmt":"2024-06-26T10:15:11","slug":"qr-motorcu","status":"publish","type":"product","link":"https:\/\/www.lifytag.com\/TR\/urun\/qr-motorcu\/","title":{"rendered":"QR Kimlik &#8211; Motorcu"},"content":{"rendered":"<p>LIFYTAG teknolojisi ile \u00fcretilmi\u015f QR etiketlerimizi bavulunuza yap\u0131\u015ft\u0131rd\u0131\u011f\u0131n\u0131zda, sadece telefon numaran\u0131z\u0131 de\u011fil istedi\u011finiz notu da yazabileceksiniz. \u0130htiyac\u0131n\u0131z olmas\u0131n ama &#8220;Acil Durum&#8221; ileti\u015fim bilgilerinizi de g\u00f6sterebilirsiniz. Herhangi bir uygulama y\u00fcklemenize gerek yok, telefonunuzun kameras\u0131 yeterlidir. Ayr\u0131ca QR kodunuzun nereden tarat\u0131ld\u0131\u011f\u0131n\u0131 da takip edebileceksiniz ve QR kodunuz her okutuldu\u011funda size haber verece\u011fiz. Merak etmeyin kurulum \u00e7ok kolay herkes yapabilir ve diledi\u011finiz zaman yazd\u0131\u011f\u0131n\u0131z mesaj\u0131 da de\u011fi\u015ftirebilirsiniz. QR kartlar\u0131m\u0131z suya ve y\u0131pranmaya dayan\u0131kl\u0131d\u0131r.<\/p>\n<p>Diledi\u011finiz kadar \u00e7o\u011falt\u0131p, \u00e7\u0131kt\u0131s\u0131n\u0131 alabilirsiniz. Kurulumu T\u00fcrk\u00e7e, Azerice, Rus\u00e7a ve \u0130ngilizce yapabilirsiniz. Diledi\u011finiz her yerde LIFYTAG! ;<\/p>\n","protected":false},"excerpt":{"rendered":"<p>Kask\u0131n\u0131z\u0131 unutabilirsiniz, Ki\u015fiselle\u015ftirilmi\u015f QR kodu okutuldu\u011funda kask\u0131n size ait oldu\u011funu herkes bilecek ve telefon numaran\u0131z\u0131 payla\u015fmasan\u0131z bile sizi arayabilecekler.<br \/>\nAyr\u0131ca Acil Durum \u0130leti\u015fim bilgilerinizi, kan grubunuzu, kulland\u0131\u011f\u0131n\u0131z\u00a0 ila\u00e7lar\u0131 da size ait QR&#8217;a kaydedebilirsiniz.<\/p>\n<p>Motorcu etiketi suya ve y\u0131pranmaya kar\u015f\u0131 dayan\u0131kl\u0131d\u0131r.<\/p>\n","protected":false},"featured_media":10713,"comment_status":"open","ping_status":"closed","template":"","meta":{"om_disable_all_campaigns":false,"_monsterinsights_skip_tracking":false,"_monsterinsights_sitenote_active":false,"_monsterinsights_sitenote_note":"","_monsterinsights_sitenote_category":0},"product_brand":[],"product_cat":[242,243,218],"product_tag":[224,244],"class_list":{"0":"post-9524","1":"product","2":"type-product","3":"status-publish","4":"has-post-thumbnail","6":"product_cat-motor","7":"product_cat-suya-dayanikli-etiketler","8":"product_cat-arac","9":"product_tag-numarator-qr-karekod-etiket-araba-cam","10":"product_tag-suya-dayanikli-etiketler","12":"first","13":"instock","14":"sale","15":"featured","16":"shipping-taxable","17":"purchasable","18":"product-type-simple"},"aioseo_notices":[],"jetpack_sharing_enabled":true,"_links":{"self":[{"href":"https:\/\/www.lifytag.com\/TR\/wp-json\/wp\/v2\/product\/9524","targetHints":{"allow":["GET"]}}],"collection":[{"href":"https:\/\/www.lifytag.com\/TR\/wp-json\/wp\/v2\/product"}],"about":[{"href":"https:\/\/www.lifytag.com\/TR\/wp-json\/wp\/v2\/types\/product"}],"replies":[{"embeddable":true,"href":"https:\/\/www.lifytag.com\/TR\/wp-json\/wp\/v2\/comments?post=9524"}],"wp:featuredmedia":[{"embeddable":true,"href":"https:\/\/www.lifytag.com\/TR\/wp-json\/wp\/v2\/media\/10713"}],"wp:attachment":[{"href":"https:\/\/www.lifytag.com\/TR\/wp-json\/wp\/v2\/media?parent=9524"}],"wp:term":[{"taxonomy":"product_brand","embeddable":true,"href":"https:\/\/www.lifytag.com\/TR\/wp-json\/wp\/v2\/product_brand?post=9524"},{"taxonomy":"product_cat","embeddable":true,"href":"https:\/\/www.lifytag.com\/TR\/wp-json\/wp\/v2\/product_cat?post=9524"},{"taxonomy":"product_tag","embeddable":true,"href":"https:\/\/www.lifytag.com\/TR\/wp-json\/wp\/v2\/product_tag?post=9524"}],"curies":[{"name":"wp","href":"https:\/\/api.w.org\/{rel}","templated":true}]}}