{"id":8757,"date":"2023-09-26T11:56:59","date_gmt":"2023-09-26T08:56:59","guid":{"rendered":"https:\/\/www.lifytag.com\/TR\/?post_type=product&#038;p=8757"},"modified":"2024-09-25T16:37:13","modified_gmt":"2024-09-25T13:37:13","slug":"astronot","status":"publish","type":"product","link":"https:\/\/www.lifytag.com\/TR\/urun\/astronot\/","title":{"rendered":"Astronot"},"content":{"rendered":"<p>Lifytag QR kodlar\u0131 sizin i\u00e7in ki\u015fiselle\u015ftirilmi\u015f QR kodlar\u0131d\u0131r.<\/p>\n<p>\u0130stersniz diledi\u011finiz bir mesaj\u0131 yazabilirsiniz ( \u00d6rn: Bana XXX numaradan ula\u015fabilirsiniz ) , isterseniz kare kodunuz tarat\u0131ld\u0131\u011f\u0131nda instagram gibi sosyal medya hesaplar\u0131n\u0131za y\u00f6nlendirebilirsiniz.<\/p>\n<p>Ayr\u0131ca her QR kodu okutuldu\u011funda bizden bildirim al\u0131rs\u0131n\u0131z ve nereden okutuldu\u011funu takip edebilirsiniz.<\/p>\n<p>Siz uzaklardayken, biz buraday\u0131z.<\/p>\n","protected":false},"excerpt":{"rendered":"<p>Lifytag dijital kimli\u011finizi telefonunuzun arka plan\u0131n\u0131 yerle\u015ftirin.<\/p>\n<p> \tTelefonunuz kaybolursa kime ait oldu\u011funu herkes \u00f6\u011frenebilir<br \/>\n \tAcil durum bilgilerinizi eklersiniz, ihtiya\u00e7 halinde kimlere ula\u015fabileceklerini bilirler<br \/>\n \tAyr\u0131ca her QR kodu tarat\u0131ld\u0131\u011f\u0131nda bildirim al\u0131rs\u0131n\u0131z.<\/p>\n<p>&nbsp;<\/p>\n","protected":false},"featured_media":8904,"comment_status":"open","ping_status":"closed","template":"","meta":{"om_disable_all_campaigns":false,"_monsterinsights_skip_tracking":false,"_monsterinsights_sitenote_active":false,"_monsterinsights_sitenote_note":"","_monsterinsights_sitenote_category":0},"product_brand":[],"product_cat":[219],"product_tag":[221,223,226],"class_list":{"0":"post-8757","1":"product","2":"type-product","3":"status-publish","4":"has-post-thumbnail","6":"product_cat-cep-telefonu-arka-plan","7":"product_tag-dijital-kimlik","8":"product_tag-kare-kod","9":"product_tag-qr","11":"first","12":"instock","13":"sale","14":"downloadable","15":"virtual","16":"purchasable","17":"product-type-simple"},"aioseo_notices":[],"jetpack_sharing_enabled":true,"_links":{"self":[{"href":"https:\/\/www.lifytag.com\/TR\/wp-json\/wp\/v2\/product\/8757","targetHints":{"allow":["GET"]}}],"collection":[{"href":"https:\/\/www.lifytag.com\/TR\/wp-json\/wp\/v2\/product"}],"about":[{"href":"https:\/\/www.lifytag.com\/TR\/wp-json\/wp\/v2\/types\/product"}],"replies":[{"embeddable":true,"href":"https:\/\/www.lifytag.com\/TR\/wp-json\/wp\/v2\/comments?post=8757"}],"wp:featuredmedia":[{"embeddable":true,"href":"https:\/\/www.lifytag.com\/TR\/wp-json\/wp\/v2\/media\/8904"}],"wp:attachment":[{"href":"https:\/\/www.lifytag.com\/TR\/wp-json\/wp\/v2\/media?parent=8757"}],"wp:term":[{"taxonomy":"product_brand","embeddable":true,"href":"https:\/\/www.lifytag.com\/TR\/wp-json\/wp\/v2\/product_brand?post=8757"},{"taxonomy":"product_cat","embeddable":true,"href":"https:\/\/www.lifytag.com\/TR\/wp-json\/wp\/v2\/product_cat?post=8757"},{"taxonomy":"product_tag","embeddable":true,"href":"https:\/\/www.lifytag.com\/TR\/wp-json\/wp\/v2\/product_tag?post=8757"}],"curies":[{"name":"wp","href":"https:\/\/api.w.org\/{rel}","templated":true}]}}