{"id":124,"date":"2023-04-16T09:12:58","date_gmt":"2023-04-16T09:12:58","guid":{"rendered":"https:\/\/www.lifytag.com\/TR\/?post_type=product&#038;p=124"},"modified":"2024-02-16T21:19:05","modified_gmt":"2024-02-16T18:19:05","slug":"qr-digital","status":"publish","type":"product","link":"https:\/\/www.lifytag.com\/TR\/urun\/qr-digital\/","title":{"rendered":"Digital QR"},"content":{"rendered":"<p>\u0130ster dinamik QR olarak kullan\u0131n, ister dijital kimlik olarak kullan\u0131n. L\u0130fytag dijital sayesinde diledi\u011finiz yerde size \u00f6zel haz\u0131rlanm\u0131\u015f QR kodunuzunu kullanabilirsiniz<\/p>\n","protected":false},"excerpt":{"rendered":"<p>Dinamik QR olarak da kullanabilece\u011finiz lifytag dijital QR, di\u011fer qr etiketlerimizle ayn\u0131 \u00f6zelliklere sahiptir. \u0130sterseniz gizli arama, mesaj yazma, y\u00f6nlendirme, acil durum \u00f6zelliklerini de kullanabilirsiniz. Kendi \u00e7\u0131kt\u0131n\u0131z\u0131 alarak ya da dijitallarde ortamlarda diledi\u011finiz gibi kullanabilmeniz i\u00e7in tasarlanm\u0131\u015ft\u0131r.<\/p>\n<p>&nbsp;<\/p>\n","protected":false},"featured_media":2685,"comment_status":"open","ping_status":"closed","template":"","meta":{"om_disable_all_campaigns":false,"_monsterinsights_skip_tracking":false,"_monsterinsights_sitenote_active":false,"_monsterinsights_sitenote_note":"","_monsterinsights_sitenote_category":0},"product_brand":[],"product_cat":[220],"product_tag":[],"class_list":{"0":"post-124","1":"product","2":"type-product","3":"status-publish","4":"has-post-thumbnail","6":"product_cat-digital","8":"first","9":"instock","10":"sale","11":"virtual","12":"purchasable","13":"product-type-simple"},"aioseo_notices":[],"jetpack_sharing_enabled":true,"_links":{"self":[{"href":"https:\/\/www.lifytag.com\/TR\/wp-json\/wp\/v2\/product\/124","targetHints":{"allow":["GET"]}}],"collection":[{"href":"https:\/\/www.lifytag.com\/TR\/wp-json\/wp\/v2\/product"}],"about":[{"href":"https:\/\/www.lifytag.com\/TR\/wp-json\/wp\/v2\/types\/product"}],"replies":[{"embeddable":true,"href":"https:\/\/www.lifytag.com\/TR\/wp-json\/wp\/v2\/comments?post=124"}],"wp:featuredmedia":[{"embeddable":true,"href":"https:\/\/www.lifytag.com\/TR\/wp-json\/wp\/v2\/media\/2685"}],"wp:attachment":[{"href":"https:\/\/www.lifytag.com\/TR\/wp-json\/wp\/v2\/media?parent=124"}],"wp:term":[{"taxonomy":"product_brand","embeddable":true,"href":"https:\/\/www.lifytag.com\/TR\/wp-json\/wp\/v2\/product_brand?post=124"},{"taxonomy":"product_cat","embeddable":true,"href":"https:\/\/www.lifytag.com\/TR\/wp-json\/wp\/v2\/product_cat?post=124"},{"taxonomy":"product_tag","embeddable":true,"href":"https:\/\/www.lifytag.com\/TR\/wp-json\/wp\/v2\/product_tag?post=124"}],"curies":[{"name":"wp","href":"https:\/\/api.w.org\/{rel}","templated":true}]}}