{"id":10738,"date":"2024-07-16T09:00:30","date_gmt":"2024-07-16T06:00:30","guid":{"rendered":"https:\/\/www.lifytag.com\/TR\/?post_type=product&#038;p=10738"},"modified":"2024-07-16T09:01:11","modified_gmt":"2024-07-16T06:01:11","slug":"qr-numarator-az","status":"publish","type":"product","link":"https:\/\/www.lifytag.com\/TR\/urun\/qr-numarator-az\/","title":{"rendered":"QR Numarat\u00f6r &#8211; AZ"},"content":{"rendered":"<p>Arac\u0131n\u0131zda QR Numarat\u00f6r kullan\u0131n. Telefon Numaran\u0131z isterseniz gizli kals\u0131n, kimse g\u00f6remesin! LIFYTAG teknolojisi ile \u00fcretilmi\u015f QR etiketlerimizi arac\u0131n\u0131z\u0131n cam\u0131na yap\u0131\u015ft\u0131rd\u0131\u011f\u0131n\u0131zda, sadece telefon numaran\u0131z\u0131 de\u011fil istedi\u011finiz notu da yazabileceksiniz. Geli\u015ftirdi\u011fimiz teknoloji sayesinde isterseniz telefon numaran\u0131z\u0131 payla\u015fmak zorunda de\u011filsiniz. \u0130htiyac\u0131n\u0131z olmas\u0131n ama Acil durum ileti\u015fim bilgilierini de g\u00f6sterebilirsiniz. Her hangi bir uygulama y\u00fcklemenize gerek yok, telefonunuzun kameras\u0131 yeterlidir. Ayr\u0131ca QR kodunuzun nereden tarat\u0131ld\u0131\u011f\u0131n\u0131 da takip edebileceksiniz ve her QR kodu okutuldu\u011funda size haber verece\u011fiz. Merak etmeyin kurulum \u00e7ok kolay herkes yapabilir ve diledi\u011finiz zaman yazd\u0131\u011f\u0131n\u0131z mesaj\u0131 da de\u011fi\u015ftirebilirsiniz. Cam etiketlerimiz i\u00e7ten yap\u0131\u015fkanl\u0131d\u0131r.Arac\u0131n\u0131z\u0131n cam\u0131na i\u00e7 taraf\u0131ndan yap\u0131\u015ft\u0131r\u0131rs\u0131n\u0131z. B\u00fct\u00fcn \u00fcr\u00fcnlerimizin foto\u011fraf\u0131 e-mail adresinize ek olarak size g\u00f6nderilir. Birden fazla yerde kullanmak isterseniz diledi\u011finiz gibi \u00e7o\u011faltabilirsiniz. Kurulumu T\u00fcrk\u00e7e, Azerice, Rus\u00e7a ve \u0130ngilizce yapabilirsiniz. Diledi\u011finiz her yerde LIFYTAG.<\/p>\n<p>&nbsp;<\/p>\n<p><img loading=\"lazy\" decoding=\"async\" class=\"alignnone wp-image-10635\" src=\"https:\/\/www.lifytag.com\/TR\/wp-content\/uploads\/2023\/12\/Features-300x300.png\" alt=\"\" width=\"446\" height=\"446\" \/><\/p>\n","protected":false},"excerpt":{"rendered":"<p>Lifytag Ki\u015fiye \u00d6zel QR kodlar\u0131 sayesinde istedi\u011finiz notu payla\u015f\u0131n, telefon numaran\u0131z\u0131 g\u00f6rmeden sizi aras\u0131nlar. Geli\u015ftirdi\u011fimiz teknoloji sayesinde isterseniz telefon numaran\u0131z\u0131 payla\u015fmasan\u0131z bile sizi arayabilirler. LIFYTAG teknolojisi ile \u00fcretilmi\u015f QR etiketlerimizi arac\u0131n\u0131z\u0131n cam\u0131na yap\u0131\u015ft\u0131rd\u0131\u011f\u0131n\u0131zda, sadece telefon numaran\u0131z\u0131 de\u011fil istedi\u011finiz notu da yazabileceksiniz. \u0130htiyac\u0131n\u0131z olmas\u0131n ama &#8220;Acil Durum&#8221; ileti\u015fim bilgilerinizi de g\u00f6sterebilirsiniz. Herhangi bir uygulama y\u00fcklemenize gerek yok, telefonunuzun kameras\u0131 yeterlidir.<\/p>\n<p>Cam etiketlerimiz i\u00e7ten yap\u0131\u015fkanl\u0131d\u0131r. Arac\u0131n\u0131z\u0131n cam\u0131na i\u00e7 taraf\u0131ndan yap\u0131\u015ft\u0131r\u0131l\u0131r.<\/p>\n","protected":false},"featured_media":10661,"comment_status":"open","ping_status":"closed","template":"","meta":{"om_disable_all_campaigns":false,"_monsterinsights_skip_tracking":false,"_monsterinsights_sitenote_active":false,"_monsterinsights_sitenote_note":"","_monsterinsights_sitenote_category":0},"product_brand":[],"product_cat":[218],"product_tag":[],"class_list":{"0":"post-10738","1":"product","2":"type-product","3":"status-publish","4":"has-post-thumbnail","6":"product_cat-arac","8":"first","9":"outofstock","10":"sale","11":"shipping-taxable","12":"purchasable","13":"product-type-simple"},"aioseo_notices":[],"jetpack_sharing_enabled":true,"_links":{"self":[{"href":"https:\/\/www.lifytag.com\/TR\/wp-json\/wp\/v2\/product\/10738","targetHints":{"allow":["GET"]}}],"collection":[{"href":"https:\/\/www.lifytag.com\/TR\/wp-json\/wp\/v2\/product"}],"about":[{"href":"https:\/\/www.lifytag.com\/TR\/wp-json\/wp\/v2\/types\/product"}],"replies":[{"embeddable":true,"href":"https:\/\/www.lifytag.com\/TR\/wp-json\/wp\/v2\/comments?post=10738"}],"wp:featuredmedia":[{"embeddable":true,"href":"https:\/\/www.lifytag.com\/TR\/wp-json\/wp\/v2\/media\/10661"}],"wp:attachment":[{"href":"https:\/\/www.lifytag.com\/TR\/wp-json\/wp\/v2\/media?parent=10738"}],"wp:term":[{"taxonomy":"product_brand","embeddable":true,"href":"https:\/\/www.lifytag.com\/TR\/wp-json\/wp\/v2\/product_brand?post=10738"},{"taxonomy":"product_cat","embeddable":true,"href":"https:\/\/www.lifytag.com\/TR\/wp-json\/wp\/v2\/product_cat?post=10738"},{"taxonomy":"product_tag","embeddable":true,"href":"https:\/\/www.lifytag.com\/TR\/wp-json\/wp\/v2\/product_tag?post=10738"}],"curies":[{"name":"wp","href":"https:\/\/api.w.org\/{rel}","templated":true}]}}