{"id":10677,"date":"2024-05-06T18:44:16","date_gmt":"2024-05-06T15:44:16","guid":{"rendered":"https:\/\/www.lifytag.com\/TR\/?post_type=product&#038;p=10677"},"modified":"2024-06-07T13:03:24","modified_gmt":"2024-06-07T10:03:24","slug":"crm-qr","status":"publish","type":"product","link":"https:\/\/www.lifytag.com\/TR\/urun\/crm-qr\/","title":{"rendered":"CRM QR"},"content":{"rendered":"","protected":false},"excerpt":{"rendered":"<p>Lifytag QR CRM ile tan\u0131\u015f\u0131n hayat\u0131n\u0131z kolayla\u015fs\u0131n! <\/p>\n<p>&#8211; Abone giri\u015fi kolayl\u0131\u011f\u0131<br \/>\n&#8211; Abone bilgileri y\u00f6netme<br \/>\n&#8211; \u0130leti\u015fim merkezi<br \/>\n&#8211; Etkinlik merkezi<br \/>\n&#8211; Size \u00f6zel tasar\u0131m<\/p>\n","protected":false},"featured_media":10717,"comment_status":"open","ping_status":"closed","template":"","meta":{"om_disable_all_campaigns":false,"_monsterinsights_skip_tracking":false,"_monsterinsights_sitenote_active":false,"_monsterinsights_sitenote_note":"","_monsterinsights_sitenote_category":0},"product_brand":[],"product_cat":[252],"product_tag":[253],"class_list":{"0":"post-10677","1":"product","2":"type-product","3":"status-publish","4":"has-post-thumbnail","6":"product_cat-kurumsal","7":"product_tag-crm","9":"first","10":"instock","11":"sale","12":"virtual","13":"purchasable","14":"product-type-simple"},"aioseo_notices":[],"jetpack_sharing_enabled":true,"_links":{"self":[{"href":"https:\/\/www.lifytag.com\/TR\/wp-json\/wp\/v2\/product\/10677","targetHints":{"allow":["GET"]}}],"collection":[{"href":"https:\/\/www.lifytag.com\/TR\/wp-json\/wp\/v2\/product"}],"about":[{"href":"https:\/\/www.lifytag.com\/TR\/wp-json\/wp\/v2\/types\/product"}],"replies":[{"embeddable":true,"href":"https:\/\/www.lifytag.com\/TR\/wp-json\/wp\/v2\/comments?post=10677"}],"wp:featuredmedia":[{"embeddable":true,"href":"https:\/\/www.lifytag.com\/TR\/wp-json\/wp\/v2\/media\/10717"}],"wp:attachment":[{"href":"https:\/\/www.lifytag.com\/TR\/wp-json\/wp\/v2\/media?parent=10677"}],"wp:term":[{"taxonomy":"product_brand","embeddable":true,"href":"https:\/\/www.lifytag.com\/TR\/wp-json\/wp\/v2\/product_brand?post=10677"},{"taxonomy":"product_cat","embeddable":true,"href":"https:\/\/www.lifytag.com\/TR\/wp-json\/wp\/v2\/product_cat?post=10677"},{"taxonomy":"product_tag","embeddable":true,"href":"https:\/\/www.lifytag.com\/TR\/wp-json\/wp\/v2\/product_tag?post=10677"}],"curies":[{"name":"wp","href":"https:\/\/api.w.org\/{rel}","templated":true}]}}