{"id":10625,"date":"2024-03-29T11:55:54","date_gmt":"2024-03-29T08:55:54","guid":{"rendered":"https:\/\/www.lifytag.com\/TR\/?post_type=product&#038;p=10625"},"modified":"2024-06-26T13:25:17","modified_gmt":"2024-06-26T10:25:17","slug":"qr-kimlik-denizci","status":"publish","type":"product","link":"https:\/\/www.lifytag.com\/TR\/urun\/qr-kimlik-denizci\/","title":{"rendered":"QR Kimlik &#8211; Denizci 2&#8217;li paket"},"content":{"rendered":"<p>LIFYTAG teknolojisi ile \u00fcretilmi\u015f QR etiketlerimizi botunuza ve di\u011fer e\u015fyalar\u0131n\u0131za yap\u0131\u015ft\u0131rd\u0131\u011f\u0131n\u0131zda, sadece telefon numaran\u0131z\u0131 de\u011fil istedi\u011finiz notu da yazabilirsiniz. \u0130htiyac\u0131n\u0131z olmas\u0131n ama &#8220;Acil Durum&#8221; ileti\u015fim bilgilerinizi de g\u00f6sterebilirsiniz. Herhangi bir uygulama y\u00fcklemenize gerek yok, telefonunuzun kameras\u0131 yeterlidir. Ayr\u0131ca QR kodunuzun nereden tarat\u0131ld\u0131\u011f\u0131n\u0131 da takip edebileceksiniz ve QR kodunuz her okutuldu\u011funda size haber verece\u011fiz. Merak etmeyin kurulum \u00e7ok kolay herkes yapabilir ve diledi\u011finiz zaman yazd\u0131\u011f\u0131n\u0131z mesaj\u0131 da de\u011fi\u015ftirebilirsiniz. QR kartlar\u0131m\u0131z suya ve y\u0131pranmaya dayan\u0131kl\u0131d\u0131r.<\/p>\n<p>Diledi\u011finiz kadar \u00e7o\u011falt\u0131p, \u00e7\u0131kt\u0131s\u0131n\u0131 alabilirsiniz. Kurulumu T\u00fcrk\u00e7e, Azerice, Rus\u00e7a ve \u0130ngilizce yapabilirsiniz. Diledi\u011finiz her yerde LIFYTAG!<\/p>\n<p><img loading=\"lazy\" decoding=\"async\" class=\" wp-image-10637 aligncenter\" src=\"https:\/\/www.lifytag.com\/TR\/wp-content\/uploads\/2024\/05\/Features-300x300.png\" alt=\"\" width=\"520\" height=\"520\" srcset=\"https:\/\/www.lifytag.com\/TR\/wp-content\/uploads\/2024\/05\/Features-300x300.png 300w, https:\/\/www.lifytag.com\/TR\/wp-content\/uploads\/2024\/05\/Features-1024x1024.png 1024w, https:\/\/www.lifytag.com\/TR\/wp-content\/uploads\/2024\/05\/Features-150x150.png 150w, https:\/\/www.lifytag.com\/TR\/wp-content\/uploads\/2024\/05\/Features-768x768.png 768w, https:\/\/www.lifytag.com\/TR\/wp-content\/uploads\/2024\/05\/Features-600x600.png 600w, https:\/\/www.lifytag.com\/TR\/wp-content\/uploads\/2024\/05\/Features-100x100.png 100w, https:\/\/www.lifytag.com\/TR\/wp-content\/uploads\/2024\/05\/Features.png 1080w\" sizes=\"auto, (max-width: 520px) 100vw, 520px\" \/><\/p>\n","protected":false},"excerpt":{"rendered":"<p>Lifytag ki\u015fiye \u00f6zel QR etiketleri sayesinde e\u015fyalar\u0131n\u0131z kaybolursa sizi geri bulsun.<br \/>\nBir pakette 2 adet etiket olup, suya dayan\u0131kl\u0131d\u0131r. Ayr\u0131ca etiketlerin dijital kopyas\u0131n\u0131 da size g\u00f6nderece\u011fiz.<\/p>\n","protected":false},"featured_media":10654,"comment_status":"open","ping_status":"closed","template":"","meta":{"om_disable_all_campaigns":false,"_monsterinsights_skip_tracking":false,"_monsterinsights_sitenote_active":false,"_monsterinsights_sitenote_note":"","_monsterinsights_sitenote_category":0},"product_brand":[],"product_cat":[245,243,246,218],"product_tag":[224,244],"class_list":{"0":"post-10625","1":"product","2":"type-product","3":"status-publish","4":"has-post-thumbnail","6":"product_cat-spor-etiketleri","7":"product_cat-suya-dayanikli-etiketler","8":"product_cat-tekne-etiketleri","9":"product_cat-arac","10":"product_tag-numarator-qr-karekod-etiket-araba-cam","11":"product_tag-suya-dayanikli-etiketler","13":"first","14":"instock","15":"sale","16":"featured","17":"shipping-taxable","18":"purchasable","19":"product-type-simple"},"aioseo_notices":[],"jetpack_sharing_enabled":true,"_links":{"self":[{"href":"https:\/\/www.lifytag.com\/TR\/wp-json\/wp\/v2\/product\/10625","targetHints":{"allow":["GET"]}}],"collection":[{"href":"https:\/\/www.lifytag.com\/TR\/wp-json\/wp\/v2\/product"}],"about":[{"href":"https:\/\/www.lifytag.com\/TR\/wp-json\/wp\/v2\/types\/product"}],"replies":[{"embeddable":true,"href":"https:\/\/www.lifytag.com\/TR\/wp-json\/wp\/v2\/comments?post=10625"}],"wp:featuredmedia":[{"embeddable":true,"href":"https:\/\/www.lifytag.com\/TR\/wp-json\/wp\/v2\/media\/10654"}],"wp:attachment":[{"href":"https:\/\/www.lifytag.com\/TR\/wp-json\/wp\/v2\/media?parent=10625"}],"wp:term":[{"taxonomy":"product_brand","embeddable":true,"href":"https:\/\/www.lifytag.com\/TR\/wp-json\/wp\/v2\/product_brand?post=10625"},{"taxonomy":"product_cat","embeddable":true,"href":"https:\/\/www.lifytag.com\/TR\/wp-json\/wp\/v2\/product_cat?post=10625"},{"taxonomy":"product_tag","embeddable":true,"href":"https:\/\/www.lifytag.com\/TR\/wp-json\/wp\/v2\/product_tag?post=10625"}],"curies":[{"name":"wp","href":"https:\/\/api.w.org\/{rel}","templated":true}]}}