{"id":9917,"date":"2023-04-14T18:49:21","date_gmt":"2023-04-14T18:49:21","guid":{"rendered":"https:\/\/www.lifytag.com\/TR\/?page_id=34"},"modified":"2024-02-06T09:44:43","modified_gmt":"2024-02-06T06:44:43","slug":"refund_returns","status":"publish","type":"page","link":"https:\/\/www.lifytag.com\/TR\/refund_returns\/","title":{"rendered":"Geri \u00d6deme ve \u0130ade Politikas\u0131"},"content":{"rendered":"<hr class=\"wp-block-separator has-alpha-channel-opacity\"\/><hr class=\"wp-block-separator has-alpha-channel-opacity\"\/><hr class=\"wp-block-separator has-alpha-channel-opacity\"\/><hr class=\"wp-block-separator has-alpha-channel-opacity\"\/><p class=\"has-black-color has-text-color has-link-color wp-elements-523852ecafe25ff0eefb214b82df252d\"><b>Bizim politikam\u0131z sizin memnuniyetiniz. <\/b><\/p><p class=\"has-black-color has-text-color has-link-color wp-elements-9ac00cf961d1ea846fe5a532228b76c6\"><\/p><p class=\"has-black-color has-text-color has-link-color wp-elements-ca2ffd391f6bdee66600b6610d46e054\">Her ko\u015fulda paran\u0131z %100 iade \u00f6nemli olan memnuniyetiniz. <\/p><p><\/p>","protected":false},"excerpt":{"rendered":"<p>Bizim politikam\u0131z sizin memnuniyetiniz. Her ko\u015fulda paran\u0131z %100 iade \u00f6nemli olan memnuniyetiniz.<\/p>\n","protected":false},"author":1,"featured_media":0,"parent":0,"menu_order":0,"comment_status":"closed","ping_status":"closed","template":"","meta":{"om_disable_all_campaigns":false,"_monsterinsights_skip_tracking":false,"_monsterinsights_sitenote_active":false,"_monsterinsights_sitenote_note":"","_monsterinsights_sitenote_category":0,"footnotes":""},"class_list":["post-9917","page","type-page","status-publish","hentry"],"aioseo_notices":[],"jetpack_sharing_enabled":true,"_links":{"self":[{"href":"https:\/\/www.lifytag.com\/TR\/wp-json\/wp\/v2\/pages\/9917","targetHints":{"allow":["GET"]}}],"collection":[{"href":"https:\/\/www.lifytag.com\/TR\/wp-json\/wp\/v2\/pages"}],"about":[{"href":"https:\/\/www.lifytag.com\/TR\/wp-json\/wp\/v2\/types\/page"}],"author":[{"embeddable":true,"href":"https:\/\/www.lifytag.com\/TR\/wp-json\/wp\/v2\/users\/1"}],"replies":[{"embeddable":true,"href":"https:\/\/www.lifytag.com\/TR\/wp-json\/wp\/v2\/comments?post=9917"}],"version-history":[{"count":5,"href":"https:\/\/www.lifytag.com\/TR\/wp-json\/wp\/v2\/pages\/9917\/revisions"}],"predecessor-version":[{"id":10480,"href":"https:\/\/www.lifytag.com\/TR\/wp-json\/wp\/v2\/pages\/9917\/revisions\/10480"}],"wp:attachment":[{"href":"https:\/\/www.lifytag.com\/TR\/wp-json\/wp\/v2\/media?parent=9917"}],"curies":[{"name":"wp","href":"https:\/\/api.w.org\/{rel}","templated":true}]}}