{"id":340,"date":"2017-08-02T07:05:14","date_gmt":"2017-08-02T07:05:14","guid":{"rendered":"https:\/\/www.lifytag.com\/TR\/?page_id=340"},"modified":"2024-02-12T10:35:21","modified_gmt":"2024-02-12T07:35:21","slug":"iletisim","status":"publish","type":"page","link":"https:\/\/www.lifytag.com\/TR\/iletisim\/","title":{"rendered":"\u0130leti\u015fim"},"content":{"rendered":"<div class=\"wpb-content-wrapper\"><p>[vc_row][vc_column][gsf_space desktop=&#8221;120&#8243; tablet=&#8221;100&#8243; tablet_portrait=&#8221;90&#8243; mobile_landscape=&#8221;70&#8243; mobile=&#8221;60&#8243;][gsf_heading layout_style=&#8221;style-02&#8243; title_color=&#8221;#333333&#8243; title_font_size=&#8221;34&#8243; title=&#8221;\u0130leti\u015fim&#8221;][gsf_space desktop=&#8221;104&#8243; tablet=&#8221;84&#8243; tablet_portrait=&#8221;70&#8243; mobile_landscape=&#8221;60&#8243; mobile=&#8221;50&#8243;][\/vc_column][vc_column el_class=&#8221;xs-mg-bottom-30,md-up-border-right&#8221; width=&#8221;1\/3&#8243;][\/vc_column][vc_column el_class=&#8221;xs-mg-bottom-30,md-up-border-right&#8221; width=&#8221;1\/3&#8243;][vc_single_image image=&#8221;10498&#8243; alignment=&#8221;center&#8221; style=&#8221;vc_box_rounded&#8221; el_class=&#8221;&#8221;][gsf_icon_box title=&#8221;TARAT&#8221; title_font_size=&#8221;16&#8243; description=&#8221;\u0130leti\u015fim i\u00e7in Taray\u0131n&#8221; des_letter_spacing=&#8221;0.1&#8243; icon_font=&#8221;fa fa-qrcode&#8221; link=&#8221;|||&#8221;][\/vc_column][vc_column width=&#8221;1\/3&#8243;][\/vc_column][vc_column][gsf_space desktop=&#8221;135&#8243; tablet=&#8221;115&#8243; tablet_portrait=&#8221;95&#8243; mobile_landscape=&#8221;75&#8243; mobile=&#8221;65&#8243;][\/vc_column][\/vc_row][vc_row][vc_column width=&#8221;2\/3&#8243; offset=&#8221;vc_col-sm-offset-2&#8243;][gsf_heading layout_style=&#8221;style-02&#8243; title_color=&#8221;#333333&#8243; title_font_size=&#8221;34&#8243; title=&#8221;Bize Yaz\u0131n&#8221; css=&#8221;.vc_custom_1705512610287{margin-bottom: 35px !important;}&#8221;][vc_column_text][\/vc_column_text][vc_column_text]A\u015fa\u011f\u0131daki form arac\u0131l\u0131\u011f\u0131yla her t\u00fcrl\u00fc konuda bize ula\u015fabilirsiniz veya support@lifytag.com adresin e-posta g\u00f6nderebilirsiniz. Sadece karekod hakk\u0131nda bilgi almak i\u00e7in de yazabilirsiniz, siz yokken biz buraday\u0131z.[\/vc_column_text][gsf_space desktop=&#8221;35&#8243; tablet=&#8221;25&#8243; tablet_portrait=&#8221;15&#8243; mobile_landscape=&#8221;15&#8243; mobile=&#8221;15&#8243;]\n<div class=\"wpcf7 no-js\" id=\"wpcf7-f336-o1\" lang=\"en-US\" dir=\"ltr\" data-wpcf7-id=\"336\">\n<div class=\"screen-reader-response\"><p role=\"status\" aria-live=\"polite\" aria-atomic=\"true\"><\/p> <ul><\/ul><\/div>\n<form action=\"\/TR\/wp-json\/wp\/v2\/pages\/340#wpcf7-f336-o1\" method=\"post\" class=\"wpcf7-form init\" aria-label=\"Contact form\" novalidate=\"novalidate\" data-status=\"init\">\n<div style=\"display: none;\">\n<input type=\"hidden\" name=\"_wpcf7\" value=\"336\" \/>\n<input type=\"hidden\" name=\"_wpcf7_version\" value=\"6.0.5\" \/>\n<input type=\"hidden\" name=\"_wpcf7_locale\" value=\"en_US\" \/>\n<input type=\"hidden\" name=\"_wpcf7_unit_tag\" value=\"wpcf7-f336-o1\" \/>\n<input type=\"hidden\" name=\"_wpcf7_container_post\" value=\"0\" \/>\n<input type=\"hidden\" name=\"_wpcf7_posted_data_hash\" value=\"\" \/>\n<\/div>\n<div class=\"gsf-contact-form clearfix\">\n\t<div class=\"row\">\n\t\t<div class=\"ct-field ct-name col-sm-4\">\n\t\t\t<p><span class=\"wpcf7-form-control-wrap\" data-name=\"your-name\"><input size=\"40\" maxlength=\"400\" class=\"wpcf7-form-control wpcf7-text wpcf7-validates-as-required\" aria-required=\"true\" aria-invalid=\"false\" placeholder=\"\u0130sminiz\" value=\"\" type=\"text\" name=\"your-name\" \/><\/span>\n\t\t\t<\/p>\n\t\t<\/div>\n\t\t<div class=\"ct-field ct-email col-sm-4\">\n\t\t\t<p><span class=\"wpcf7-form-control-wrap\" data-name=\"your-email\"><input size=\"40\" maxlength=\"400\" class=\"wpcf7-form-control wpcf7-email wpcf7-validates-as-required wpcf7-text wpcf7-validates-as-email\" aria-required=\"true\" aria-invalid=\"false\" placeholder=\"Email\" value=\"\" type=\"email\" name=\"your-email\" \/><\/span>\n\t\t\t<\/p>\n\t\t<\/div>\n\t\t<div class=\"ct-field ct-subject col-sm-4\">\n\t\t\t<p><span class=\"wpcf7-form-control-wrap\" data-name=\"tel-309\"><input size=\"40\" maxlength=\"400\" class=\"wpcf7-form-control wpcf7-tel wpcf7-validates-as-required wpcf7-text wpcf7-validates-as-tel\" aria-required=\"true\" aria-invalid=\"false\" placeholder=\"Telefon\" value=\"\" type=\"tel\" name=\"tel-309\" \/><\/span>\n\t\t\t<\/p>\n\t\t<\/div>\n\t\t<div class=\"ct-field ct-message col-sm-12\">\n\t\t\t<p><span class=\"wpcf7-form-control-wrap\" data-name=\"your-message\"><textarea cols=\"40\" rows=\"10\" maxlength=\"2000\" class=\"wpcf7-form-control wpcf7-textarea wpcf7-validates-as-required\" aria-required=\"true\" aria-invalid=\"false\" placeholder=\"Mesaj\u0131n\u0131z\" name=\"your-message\"><\/textarea><\/span>\n\t\t\t<\/p>\n\t\t<\/div>\n\t\t<div class=\"clearfix\">\n\t\t<\/div>\n\t<\/div>\n\t<div class=\"btn-submit text-center\">\n\t\t<p><input class=\"wpcf7-form-control wpcf7-submit has-spinner btn btn-black btn-classic btn-square btn-md\" type=\"submit\" value=\"G\u00d6NDER\" \/>\n\t\t<\/p>\n\t<\/div>\n<\/div><div class=\"wpcf7-response-output\" aria-hidden=\"true\"><\/div>\n<\/form>\n<\/div>\n[gsf_space desktop=&#8221;120&#8243; tablet=&#8221;100&#8243; tablet_portrait=&#8221;90&#8243; mobile_landscape=&#8221;70&#8243; mobile=&#8221;60&#8243;][\/vc_column][\/vc_row][vc_row content_width=&#8221;full&#8221;][vc_column css=&#8221;.vc_custom_1501572196105{padding-right: 0px !important;padding-left: 0px !important;}&#8221;][\/vc_column][\/vc_row]<\/p>\n<\/div>","protected":false},"excerpt":{"rendered":"<p>[vc_row][vc_column][gsf_space desktop=&#8221;120&#8243; tablet=&#8221;100&#8243; tablet_portrait=&#8221;90&#8243; mobile_landscape=&#8221;70&#8243; mobile=&#8221;60&#8243;][gsf_heading layout_style=&#8221;style-02&#8243; title_color=&#8221;#333333&#8243; title_font_size=&#8221;34&#8243; title=&#8221;\u0130leti\u015fim&#8221;][gsf_space desktop=&#8221;104&#8243; tablet=&#8221;84&#8243; tablet_portrait=&#8221;70&#8243; mobile_landscape=&#8221;60&#8243; mobile=&#8221;50&#8243;][\/vc_column][vc_column el_class=&#8221;xs-mg-bottom-30,md-up-border-right&#8221; width=&#8221;1\/3&#8243;][\/vc_column][vc_column el_class=&#8221;xs-mg-bottom-30,md-up-border-right&#8221; width=&#8221;1\/3&#8243;][vc_single_image image=&#8221;10498&#8243; alignment=&#8221;center&#8221; style=&#8221;vc_box_rounded&#8221; el_class=&#8221;&#8221;][gsf_icon_box title=&#8221;TARAT&#8221; title_font_size=&#8221;16&#8243; description=&#8221;\u0130leti\u015fim i\u00e7in Taray\u0131n&#8221; des_letter_spacing=&#8221;0.1&#8243; icon_font=&#8221;fa fa-qrcode&#8221; link=&#8221;|||&#8221;][\/vc_column][vc_column width=&#8221;1\/3&#8243;][\/vc_column][vc_column][gsf_space desktop=&#8221;135&#8243; tablet=&#8221;115&#8243; tablet_portrait=&#8221;95&#8243; mobile_landscape=&#8221;75&#8243; mobile=&#8221;65&#8243;][\/vc_column][\/vc_row][vc_row][vc_column width=&#8221;2\/3&#8243; offset=&#8221;vc_col-sm-offset-2&#8243;][gsf_heading layout_style=&#8221;style-02&#8243; title_color=&#8221;#333333&#8243; title_font_size=&#8221;34&#8243; title=&#8221;Bize Yaz\u0131n&#8221; css=&#8221;.vc_custom_1705512610287{margin-bottom: 35px !important;}&#8221;][vc_column_text][\/vc_column_text][vc_column_text]A\u015fa\u011f\u0131daki form arac\u0131l\u0131\u011f\u0131yla her t\u00fcrl\u00fc konuda bize ula\u015fabilirsiniz [&hellip;]<\/p>\n","protected":false},"author":1,"featured_media":0,"parent":0,"menu_order":0,"comment_status":"closed","ping_status":"closed","template":"","meta":{"om_disable_all_campaigns":false,"_monsterinsights_skip_tracking":false,"_monsterinsights_sitenote_active":false,"_monsterinsights_sitenote_note":"","_monsterinsights_sitenote_category":0,"footnotes":""},"class_list":["post-340","page","type-page","status-publish","hentry"],"aioseo_notices":[],"jetpack_sharing_enabled":true,"_links":{"self":[{"href":"https:\/\/www.lifytag.com\/TR\/wp-json\/wp\/v2\/pages\/340","targetHints":{"allow":["GET"]}}],"collection":[{"href":"https:\/\/www.lifytag.com\/TR\/wp-json\/wp\/v2\/pages"}],"about":[{"href":"https:\/\/www.lifytag.com\/TR\/wp-json\/wp\/v2\/types\/page"}],"author":[{"embeddable":true,"href":"https:\/\/www.lifytag.com\/TR\/wp-json\/wp\/v2\/users\/1"}],"replies":[{"embeddable":true,"href":"https:\/\/www.lifytag.com\/TR\/wp-json\/wp\/v2\/comments?post=340"}],"version-history":[{"count":11,"href":"https:\/\/www.lifytag.com\/TR\/wp-json\/wp\/v2\/pages\/340\/revisions"}],"predecessor-version":[{"id":10499,"href":"https:\/\/www.lifytag.com\/TR\/wp-json\/wp\/v2\/pages\/340\/revisions\/10499"}],"wp:attachment":[{"href":"https:\/\/www.lifytag.com\/TR\/wp-json\/wp\/v2\/media?parent=340"}],"curies":[{"name":"wp","href":"https:\/\/api.w.org\/{rel}","templated":true}]}}