{"id":2357,"date":"2017-08-30T04:17:23","date_gmt":"2017-08-30T04:17:23","guid":{"rendered":"https:\/\/www.lifytag.com\/TR\/?page_id=2357"},"modified":"2024-02-05T15:02:02","modified_gmt":"2024-02-05T12:02:02","slug":"hakkimizda","status":"publish","type":"page","link":"https:\/\/www.lifytag.com\/TR\/hakkimizda\/","title":{"rendered":"Hakk\u0131m\u0131zda"},"content":{"rendered":"<div class=\"wpb-content-wrapper\"><p>[vc_row][vc_column width=&#8221;5\/6&#8243; offset=&#8221;vc_col-lg-offset-3 vc_col-lg-6 vc_col-md-offset-2 vc_col-md-8&#8243;][gsf_space desktop=&#8221;150&#8243; tablet=&#8221;120&#8243; tablet_portrait=&#8221;90&#8243; mobile_landscape=&#8221;70&#8243; mobile=&#8221;60&#8243;][vc_text_separator title=&#8221;Siz Uzaklardayken&#8221; i_icon_fontawesome=&#8221;fas fa-qrcode&#8221; i_color=&#8221;turquoise&#8221; i_size=&#8221;lg&#8221; css_animation=&#8221;top-to-bottom&#8221; add_icon=&#8221;true&#8221;][\/vc_column][\/vc_row][vc_row][vc_column width=&#8221;1\/2&#8243; offset=&#8221;vc_col-md-offset-1 vc_col-md-5&#8243;][gsf_banner layout_style=&#8221;style-04&#8243; hover_effect=&#8221;flash-effect&#8221; el_class=&#8221;&#8221; image=&#8221;10124&#8243;][\/gsf_banner][gsf_space desktop=&#8221;72&#8243; tablet=&#8221;62&#8243; tablet_portrait=&#8221;50&#8243; mobile_landscape=&#8221;50&#8243; mobile=&#8221;50&#8243;][vc_column_text el_class=&#8221;&#8221;]Platformumuzu kullanarak QR kodunuzu kimin ve ne zaman tarad\u0131\u011f\u0131n\u0131z\u0131 da takip edebilirsiniz. Bu, ileti\u015fim kurdu\u011funuz ki\u015filerle daha etkili bir \u015fekilde takip etmenize ve daha g\u00fc\u00e7l\u00fc ili\u015fkiler kurman\u0131za olanak tan\u0131r.<\/p>\n<p>Lifytag olarak, insanlar\u0131n birbirleriyle ba\u011flant\u0131 kurmas\u0131n\u0131n sorunsuz ve kolay olmas\u0131 gerekti\u011fine inan\u0131yoruz. QR kodu olu\u015fturma teknolojimizle, i\u015f kartlar\u0131n\u0131 de\u011fi\u015ftirmenin zahmetinden kurtulabilir ve daha verimli bir a\u011f kurman\u0131n yolunu ke\u015ffedebilirsiniz.<\/p>\n<p>Platformumuz, profesyoneller, giri\u015fimciler, serbest \u00e7al\u0131\u015fanlar ve ileti\u015fim payla\u015f\u0131m s\u00fcrecini basitle\u015ftirmek isteyen herkes i\u00e7in idealdir. Lifytag ile, hi\u00e7 olmad\u0131\u011f\u0131 kadar kolay bir \u015fekilde anlaml\u0131 ba\u011flant\u0131lar kurabilirsiniz.<\/p>\n<p>QR kodu teknolojisinin g\u00fcc\u00fcn\u00fc kendiniz deneyimlemek i\u00e7in platformumuzu deneyin. Hemen kaydolun ve kendiniz i\u00e7in QR kodu olu\u015fturmaya ba\u015flay\u0131n, insanlarla ba\u011flant\u0131 kurman\u0131n g\u00fcc\u00fcn\u00fc ke\u015ffedin.[\/vc_column_text][\/vc_column][vc_column width=&#8221;5\/12&#8243;][vc_row_inner][vc_column_inner offset=&#8221;vc_col-md-offset-2 vc_col-md-9&#8243;][vc_single_image image=&#8221;9902&#8243; alignment=&#8221;center&#8221;][vc_column_text]Lifytag, Lify Tech Elektronik Ticaret Limited \u015eirketi\u2019nin bir markas\u0131d\u0131r. Lify Tech, insanlar\u0131n birbirleriyle ileti\u015fim kurmas\u0131n\u0131 devrimle\u015ftiren yenilik\u00e7i bir teknoloji \u015firketidir. Keskin QR kodu olu\u015fturma teknolojimizle, ileti\u015fim bilgilerinizi yaln\u0131zca birka\u00e7 dokunu\u015fla ba\u015fkalar\u0131yla payla\u015fabilirsiniz. Platformumuz basitlik g\u00f6zetilerek tasarlanm\u0131\u015ft\u0131r.<\/p>\n<p>Yaln\u0131zca bir profil olu\u015fturman\u0131z ve ad\u0131n\u0131z\u0131, e-posta adresinizi, telefon numaran\u0131z\u0131 ve sosyal medya hesaplar\u0131n\u0131z gibi t\u00fcm ileti\u015fim bilgilerinizi i\u00e7eren bir karekodu olu\u015fturman\u0131z gerekmektedir. Bu karekodu kodunu bir etkinlikte, konferansta veya hatta sokakta tan\u0131\u015ft\u0131\u011f\u0131n\u0131z herkesle payla\u015fabilirsiniz.[\/vc_column_text][gsf_space desktop=&#8221;75&#8243; tablet=&#8221;65&#8243; tablet_portrait=&#8221;55&#8243; mobile_landscape=&#8221;50&#8243; mobile=&#8221;40&#8243;][\/vc_column_inner][\/vc_row_inner][gsf_banner layout_style=&#8221;style-04&#8243; hover_effect=&#8221;flash-effect&#8221; el_class=&#8221;&#8221; image=&#8221;10126&#8243;][\/gsf_banner][\/vc_column][vc_column][gsf_space desktop=&#8221;175&#8243; tablet=&#8221;155&#8243; tablet_portrait=&#8221;135&#8243; mobile_landscape=&#8221;115&#8243; mobile=&#8221;95&#8243;][\/vc_column][\/vc_row][vc_row][vc_column][gsf_space desktop=&#8221;40&#8243; tablet=&#8221;40&#8243; tablet_portrait=&#8221;20&#8243; mobile_landscape=&#8221;20&#8243; mobile=&#8221;20&#8243;][gsf_partner_carousel items=&#8221;6&#8243; opacity=&#8221;30&#8243; items_md=&#8221;-1&#8243; items_sm=&#8221;-1&#8243; items_xs=&#8221;-1&#8243; items_mb=&#8221;-1&#8243; partners=&#8221;%5B%7B%22image%22%3A%2210004%22%2C%22link%22%3A%22url%3A%2523%7C%7C%7C%22%7D%2C%7B%22image%22%3A%2210000%22%2C%22link%22%3A%22url%3A%2523%7C%7C%7C%22%7D%2C%7B%22image%22%3A%229999%22%2C%22link%22%3A%22url%3A%2523%7C%7C%7C%22%7D%2C%7B%22image%22%3A%2210002%22%2C%22link%22%3A%22url%3A%2523%7C%7C%7C%22%7D%2C%7B%22image%22%3A%2210003%22%2C%22link%22%3A%22url%3A%2523%7C%7C%7C%22%7D%2C%7B%22image%22%3A%2210005%22%2C%22link%22%3A%22url%3A%2523%7C%7C%7C%22%7D%5D&#8221;][\/vc_column][\/vc_row]<\/p>\n<\/div>","protected":false},"excerpt":{"rendered":"<p>[vc_row][vc_column width=&#8221;5\/6&#8243; offset=&#8221;vc_col-lg-offset-3 vc_col-lg-6 vc_col-md-offset-2 vc_col-md-8&#8243;][gsf_space desktop=&#8221;150&#8243; tablet=&#8221;120&#8243; tablet_portrait=&#8221;90&#8243; mobile_landscape=&#8221;70&#8243; mobile=&#8221;60&#8243;][vc_text_separator title=&#8221;Siz Uzaklardayken&#8221; i_icon_fontawesome=&#8221;fas fa-qrcode&#8221; i_color=&#8221;turquoise&#8221; i_size=&#8221;lg&#8221; css_animation=&#8221;top-to-bottom&#8221; add_icon=&#8221;true&#8221;][\/vc_column][\/vc_row][vc_row][vc_column width=&#8221;1\/2&#8243; offset=&#8221;vc_col-md-offset-1 vc_col-md-5&#8243;][gsf_banner layout_style=&#8221;style-04&#8243; hover_effect=&#8221;flash-effect&#8221; el_class=&#8221;&#8221; image=&#8221;10124&#8243;][\/gsf_banner][gsf_space desktop=&#8221;72&#8243; tablet=&#8221;62&#8243; tablet_portrait=&#8221;50&#8243; mobile_landscape=&#8221;50&#8243; mobile=&#8221;50&#8243;][vc_column_text el_class=&#8221;&#8221;]Platformumuzu kullanarak QR kodunuzu kimin ve ne zaman tarad\u0131\u011f\u0131n\u0131z\u0131 da takip edebilirsiniz. Bu, ileti\u015fim kurdu\u011funuz ki\u015filerle daha etkili bir \u015fekilde takip etmenize ve daha [&hellip;]<\/p>\n","protected":false},"author":1,"featured_media":0,"parent":0,"menu_order":0,"comment_status":"closed","ping_status":"closed","template":"","meta":{"om_disable_all_campaigns":false,"_monsterinsights_skip_tracking":false,"_monsterinsights_sitenote_active":false,"_monsterinsights_sitenote_note":"","_monsterinsights_sitenote_category":0,"footnotes":""},"class_list":["post-2357","page","type-page","status-publish","hentry"],"aioseo_notices":[],"jetpack_sharing_enabled":true,"_links":{"self":[{"href":"https:\/\/www.lifytag.com\/TR\/wp-json\/wp\/v2\/pages\/2357","targetHints":{"allow":["GET"]}}],"collection":[{"href":"https:\/\/www.lifytag.com\/TR\/wp-json\/wp\/v2\/pages"}],"about":[{"href":"https:\/\/www.lifytag.com\/TR\/wp-json\/wp\/v2\/types\/page"}],"author":[{"embeddable":true,"href":"https:\/\/www.lifytag.com\/TR\/wp-json\/wp\/v2\/users\/1"}],"replies":[{"embeddable":true,"href":"https:\/\/www.lifytag.com\/TR\/wp-json\/wp\/v2\/comments?post=2357"}],"version-history":[{"count":11,"href":"https:\/\/www.lifytag.com\/TR\/wp-json\/wp\/v2\/pages\/2357\/revisions"}],"predecessor-version":[{"id":10133,"href":"https:\/\/www.lifytag.com\/TR\/wp-json\/wp\/v2\/pages\/2357\/revisions\/10133"}],"wp:attachment":[{"href":"https:\/\/www.lifytag.com\/TR\/wp-json\/wp\/v2\/media?parent=2357"}],"curies":[{"name":"wp","href":"https:\/\/api.w.org\/{rel}","templated":true}]}}