{"id":10221,"date":"2024-01-23T10:03:09","date_gmt":"2024-01-23T07:03:09","guid":{"rendered":"https:\/\/www.lifytag.com\/TR\/?page_id=10221"},"modified":"2024-08-13T15:10:55","modified_gmt":"2024-08-13T12:10:55","slug":"s-s-s","status":"publish","type":"page","link":"https:\/\/www.lifytag.com\/TR\/s-s-s\/","title":{"rendered":"S.S.S"},"content":{"rendered":"<div class=\"wpb-content-wrapper\"><p>[vc_row][vc_column][gsf_space desktop=&#8221;90&#8243; tablet=&#8221;70&#8243; tablet_portrait=&#8221;60&#8243; mobile_landscape=&#8221;50&#8243; mobile=&#8221;40&#8243;][gsf_heading layout_style=&#8221;style-06&#8243; title_color=&#8221;#333333&#8243; title_font_size=&#8221;34&#8243; title=&#8221;Lifytag&#8221; title_highlight=&#8221;Nedir?&#8221;][vc_column_text]<img loading=\"lazy\" decoding=\"async\" class=\"size-full wp-image-10231 alignright\" src=\"https:\/\/www.lifytag.com\/TR\/wp-content\/uploads\/2024\/01\/lifytagQR.webp\" alt=\"\" width=\"300\" height=\"300\" srcset=\"https:\/\/www.lifytag.com\/TR\/wp-content\/uploads\/2024\/01\/lifytagQR.webp 300w, https:\/\/www.lifytag.com\/TR\/wp-content\/uploads\/2024\/01\/lifytagQR-150x150.webp 150w, https:\/\/www.lifytag.com\/TR\/wp-content\/uploads\/2024\/01\/lifytagQR-100x100.webp 100w\" sizes=\"auto, (max-width: 300px) 100vw, 300px\" \/><\/p>\n<p>Platformumuz basitlik g\u00f6zetilerek tasarlanm\u0131\u015ft\u0131r. Yaln\u0131zca bir profil olu\u015fturman\u0131z ve ad\u0131n\u0131z\u0131, e-posta adresinizi, telefon numaran\u0131z\u0131 ve sosyal medya hesaplar\u0131n\u0131z gibi t\u00fcm ileti\u015fim bilgilerinizi i\u00e7eren bir karekodu olu\u015fturman\u0131z gerekmektedir. Bu karekodu kodunu bir etkinlikte, konferansta veya hatta sokakta tan\u0131\u015ft\u0131\u011f\u0131n\u0131z herkesle payla\u015fabilirsiniz.<\/p>\n<p>Platformumuzu kullanarak QR kodunuzu kimin ve ne zaman tarad\u0131\u011f\u0131n\u0131z\u0131 da takip edebilirsiniz. Bu, ileti\u015fim kurdu\u011funuz ki\u015filerle daha etkili bir \u015fekilde takip etmenize ve daha g\u00fc\u00e7l\u00fc ili\u015fkiler kurman\u0131za olanak tan\u0131r.<\/p>\n<p>Lifytag olarak, insanlar\u0131n birbirleriyle ba\u011flant\u0131 kurmas\u0131n\u0131n sorunsuz ve kolay olmas\u0131 gerekti\u011fine inan\u0131yoruz. QR kodu olu\u015fturma teknolojimizle, i\u015f kartlar\u0131n\u0131 de\u011fi\u015ftirmenin zahmetinden kurtulabilir ve daha verimli bir a\u011f kurman\u0131n yolunu ke\u015ffedebilirsiniz.<\/p>\n<p>Platformumuz, profesyoneller, giri\u015fimciler, serbest \u00e7al\u0131\u015fanlar ve ileti\u015fim payla\u015f\u0131m s\u00fcrecini basitle\u015ftirmek isteyen herkes i\u00e7in idealdir. Lifytag ile, hi\u00e7 olmad\u0131\u011f\u0131 kadar kolay bir \u015fekilde anlaml\u0131 ba\u011flant\u0131lar kurabilirsiniz.<\/p>\n<p>QR kodu teknolojisinin g\u00fcc\u00fcn\u00fc kendiniz deneyimlemek i\u00e7in platformumuzu deneyin. Hemen kaydolun ve kendiniz i\u00e7in QR kodu olu\u015fturmaya ba\u015flay\u0131n, insanlarla ba\u011flant\u0131 kurman\u0131n g\u00fcc\u00fcn\u00fc ke\u015ffedin.[\/vc_column_text][\/vc_column][\/vc_row][vc_row el_class=&#8221;mg-bottom-45,sm-mg-bottom-25,xs-mg-bottom-5&#8243;][vc_column el_class=&#8221;xs-mg-bottom-40&#8243;][vc_tta_accordion shape=&#8221;square&#8221; gap=&#8221;5&#8243; c_icon=&#8221;&#8221; active_section=&#8221;1&#8243;][vc_tta_section i_icon_fontawesome=&#8221;fas fa-qrcode&#8221; add_icon=&#8221;true&#8221; title=&#8221;Digital QR ile QR Kart ve QR Etiketlerin ne fark\u0131 vard\u0131r ?&#8221; tab_id=&#8221;what-services-do-you-providedd76-5776&#8243;][vc_column_text]QR Kart ve Etiketler sizin i\u00e7in bask\u0131s\u0131 yap\u0131lm\u0131\u015f QR\u2019lard\u0131r, digital QR ise digital ortamlarda veya kendi bask\u0131n\u0131z\u0131 yapmak istedi\u011finiz zaman kullanabilece\u011finiz QR \u00e7e\u015fitidir. Ayr\u0131ca Digital QR i\u00e7in kargo bedeli de \u00f6demezsiniz.[\/vc_column_text][\/vc_tta_section][vc_tta_section i_icon_fontawesome=&#8221;fas fa-qrcode&#8221; add_icon=&#8221;true&#8221; title=&#8221;QR\u2019\u0131m\u0131 sat\u0131n ald\u0131m \u015fimdi ne olacak ?&#8221; tab_id=&#8221;how-can-i-get-a-copy&#8221;][vc_column_text]E\u011fer Digital QR sat\u0131n ald\u0131ysan\u0131z en ge\u00e7 yar\u0131m saat i\u00e7erisinde kullanaca\u011f\u0131n\u0131z linkler size e-posta arac\u0131l\u0131\u011f\u0131yla g\u00f6nderilecektir. Ayn\u0131 linkler \u00fczerinden diledi\u011finiz zaman QR kodunuzu g\u00fcncelleyebilirsiniz. E\u011fer linklerinizi kaybettiyseniz \u201cQR G\u00fcncelle\u201d sayfas\u0131ndan tekrardan talep edebilirsiniz.<\/p>\n<p>Kart veya Etiket gibi fiziksel QR sat\u0131n ald\u0131ysan\u0131z kargonuz size ula\u015ft\u0131ktan sonra QR kodunuzu okutarak kuruluma ba\u015flayabilirsiniz.[\/vc_column_text][\/vc_tta_section][vc_tta_section i_icon_fontawesome=&#8221;fas fa-qrcode&#8221; add_icon=&#8221;true&#8221; title=&#8221;Sorun ya\u015f\u0131yorum ne yapmal\u0131y\u0131m ?&#8221; tab_id=&#8221;what-are-the-diffirences&#8221;][vc_column_text el_class=&#8221;&#8221;]Bize yaz\u0131n https:\/\/www.lifytag.com\/TR\/iletisim\/ ba\u011flant\u0131s\u0131 \u00fczerinden ileti\u015fim formunu doldurabilirsiniz veya support@lifytag.com adresine mail atabilirsiniz. Uzmanlar\u0131m\u0131z en k\u0131sa s\u00fcrede sizinle ileti\u015fime ge\u00e7eceklerdir.[\/vc_column_text][\/vc_tta_section][\/vc_tta_accordion][\/vc_column][\/vc_row][vc_row][vc_column][gsf_space desktop=&#8221;90&#8243; tablet=&#8221;70&#8243; tablet_portrait=&#8221;60&#8243; mobile_landscape=&#8221;50&#8243; mobile=&#8221;40&#8243;][gsf_heading layout_style=&#8221;style-06&#8243; title_color=&#8221;#333333&#8243; title_font_size=&#8221;34&#8243; title=&#8221;Dijital QR&#8221; title_highlight=&#8221;Fiziksel QR&#8221; css=&#8221;.vc_custom_1706008075317{margin-bottom: 20px !important;}&#8221;][vc_column_text]QR kodlar\u0131m\u0131z\u0131n en yayg\u0131n kullan\u0131m \u015fekli dijital QR\u2019d\u0131r. Ma\u011fazam\u0131zda bulunan b\u00fct\u00fcn QR kodlar\u0131n\u0131 dijital olarak sat\u0131n alabilirsiniz.<\/p>\n<p>Diledi\u011finiz kadar \u00e7o\u011faltabilir, diledi\u011finiz yerde kullanabilirsiniz. Her \u00fcr\u00fcn\u00fcm\u00fcz\u00fcn ayr\u0131yeten dijital versiyonu da bulunmaktad\u0131r. Dijital QR kodu ald\u0131\u011f\u0131n\u0131zda kargo \u00fccreti \u00f6demezsiniz. Ayr\u0131ca fiziksel bir \u00fcr\u00fcn sat\u0131n ald\u0131\u011f\u0131n\u0131zda ayn\u0131 \u00fcr\u00fcn\u00fcn dijital kopyas\u0131n\u0131 da size g\u00f6ndermekteyiz.<\/p>\n<p>Kullan\u0131m \u015fekli olarak dijital QR ile Fiziksel QR aras\u0131nda hi\u00e7 bir fark bulunmamaktad\u0131r. Fiziksel QR\u2019lar\u0131 bizler sizin i\u00e7in \u00e7\u0131kt\u0131s\u0131n\u0131 al\u0131p g\u00f6ndermekteyiz.[\/vc_column_text][\/vc_column][\/vc_row]<\/p>\n<\/div>","protected":false},"excerpt":{"rendered":"<p>[vc_row][vc_column][gsf_space desktop=&#8221;90&#8243; tablet=&#8221;70&#8243; tablet_portrait=&#8221;60&#8243; mobile_landscape=&#8221;50&#8243; mobile=&#8221;40&#8243;][gsf_heading layout_style=&#8221;style-06&#8243; title_color=&#8221;#333333&#8243; title_font_size=&#8221;34&#8243; title=&#8221;Lifytag&#8221; title_highlight=&#8221;Nedir?&#8221;][vc_column_text] Platformumuz basitlik g\u00f6zetilerek tasarlanm\u0131\u015ft\u0131r. Yaln\u0131zca bir profil olu\u015fturman\u0131z ve ad\u0131n\u0131z\u0131, e-posta adresinizi, telefon numaran\u0131z\u0131 ve sosyal medya hesaplar\u0131n\u0131z gibi t\u00fcm ileti\u015fim bilgilerinizi i\u00e7eren bir karekodu olu\u015fturman\u0131z gerekmektedir. Bu karekodu kodunu bir etkinlikte, konferansta veya hatta sokakta tan\u0131\u015ft\u0131\u011f\u0131n\u0131z herkesle payla\u015fabilirsiniz. Platformumuzu kullanarak QR kodunuzu kimin [&hellip;]<\/p>\n","protected":false},"author":1,"featured_media":0,"parent":0,"menu_order":0,"comment_status":"closed","ping_status":"closed","template":"","meta":{"om_disable_all_campaigns":false,"_monsterinsights_skip_tracking":false,"_monsterinsights_sitenote_active":false,"_monsterinsights_sitenote_note":"","_monsterinsights_sitenote_category":0,"footnotes":""},"class_list":["post-10221","page","type-page","status-publish","hentry"],"aioseo_notices":[],"jetpack_sharing_enabled":true,"_links":{"self":[{"href":"https:\/\/www.lifytag.com\/TR\/wp-json\/wp\/v2\/pages\/10221","targetHints":{"allow":["GET"]}}],"collection":[{"href":"https:\/\/www.lifytag.com\/TR\/wp-json\/wp\/v2\/pages"}],"about":[{"href":"https:\/\/www.lifytag.com\/TR\/wp-json\/wp\/v2\/types\/page"}],"author":[{"embeddable":true,"href":"https:\/\/www.lifytag.com\/TR\/wp-json\/wp\/v2\/users\/1"}],"replies":[{"embeddable":true,"href":"https:\/\/www.lifytag.com\/TR\/wp-json\/wp\/v2\/comments?post=10221"}],"version-history":[{"count":16,"href":"https:\/\/www.lifytag.com\/TR\/wp-json\/wp\/v2\/pages\/10221\/revisions"}],"predecessor-version":[{"id":10750,"href":"https:\/\/www.lifytag.com\/TR\/wp-json\/wp\/v2\/pages\/10221\/revisions\/10750"}],"wp:attachment":[{"href":"https:\/\/www.lifytag.com\/TR\/wp-json\/wp\/v2\/media?parent=10221"}],"curies":[{"name":"wp","href":"https:\/\/api.w.org\/{rel}","templated":true}]}}