{"id":973,"date":"2023-05-06T12:39:56","date_gmt":"2023-05-06T12:39:56","guid":{"rendered":"https:\/\/www.lifytag.com\/EN\/?post_type=product&#038;p=973"},"modified":"2024-02-06T13:04:00","modified_gmt":"2024-02-06T10:04:00","slug":"qr-captain","status":"publish","type":"product","link":"https:\/\/www.lifytag.com\/EN\/product\/qr-captain\/","title":{"rendered":"QR  Captain"},"content":{"rendered":"<p>Tekneniz art\u0131k g\u00fcvende, lifytag qr etiketi sayesinde herkes size nas\u0131l ula\u015faca\u011f\u0131n\u0131 bilir.<\/p>\n<p>&nbsp;<\/p>\n<p>\u00dcr\u00fcn\u00fcn etiket versiyonu trendyol ma\u011fazam\u0131zda. Sat\u0131n almak i\u00e7in <a href=\"https:\/\/www.trendyol.com\/lifytag\/qr-tekne-etiket-dijital-kimlik-etiketi-p-746118686?boutiqueId=61&amp;merchantId=840298&amp;filterOverPriceListings=false&amp;sav=true\">t\u0131klay\u0131n\u0131z<\/a>.<\/p>\n","protected":false},"excerpt":{"rendered":"<p>\u00dcr\u00fcn\u00fcn etiket versiyonu trendyol ma\u011fazam\u0131zda. Sat\u0131n almak i\u00e7in t\u0131klay\u0131n\u0131z.<\/p>\n","protected":false},"featured_media":8052,"comment_status":"open","ping_status":"closed","template":"","meta":{"om_disable_all_campaigns":false,"_monsterinsights_skip_tracking":false,"_monsterinsights_sitenote_active":false,"_monsterinsights_sitenote_note":"","_monsterinsights_sitenote_category":0},"product_brand":[],"product_cat":[137],"product_tag":[222,228,230],"class_list":{"0":"post-973","1":"product","2":"type-product","3":"status-publish","4":"has-post-thumbnail","6":"product_cat-general","7":"product_tag-etiket","8":"product_tag-tekne","9":"product_tag-yelkenli","11":"first","12":"outofstock","13":"shipping-taxable","14":"product-type-variable","15":"has-default-attributes"},"aioseo_notices":[],"jetpack_sharing_enabled":true,"_links":{"self":[{"href":"https:\/\/www.lifytag.com\/EN\/wp-json\/wp\/v2\/product\/973","targetHints":{"allow":["GET"]}}],"collection":[{"href":"https:\/\/www.lifytag.com\/EN\/wp-json\/wp\/v2\/product"}],"about":[{"href":"https:\/\/www.lifytag.com\/EN\/wp-json\/wp\/v2\/types\/product"}],"replies":[{"embeddable":true,"href":"https:\/\/www.lifytag.com\/EN\/wp-json\/wp\/v2\/comments?post=973"}],"wp:featuredmedia":[{"embeddable":true,"href":"https:\/\/www.lifytag.com\/EN\/wp-json\/wp\/v2\/media\/8052"}],"wp:attachment":[{"href":"https:\/\/www.lifytag.com\/EN\/wp-json\/wp\/v2\/media?parent=973"}],"wp:term":[{"taxonomy":"product_brand","embeddable":true,"href":"https:\/\/www.lifytag.com\/EN\/wp-json\/wp\/v2\/product_brand?post=973"},{"taxonomy":"product_cat","embeddable":true,"href":"https:\/\/www.lifytag.com\/EN\/wp-json\/wp\/v2\/product_cat?post=973"},{"taxonomy":"product_tag","embeddable":true,"href":"https:\/\/www.lifytag.com\/EN\/wp-json\/wp\/v2\/product_tag?post=973"}],"curies":[{"name":"wp","href":"https:\/\/api.w.org\/{rel}","templated":true}]}}