{"id":8441,"date":"2023-08-01T12:37:42","date_gmt":"2023-08-01T09:37:42","guid":{"rendered":"https:\/\/www.lifytag.com\/EN\/?post_type=product&#038;p=8441"},"modified":"2024-02-06T13:03:59","modified_gmt":"2024-02-06T10:03:59","slug":"lifytag-stil-dijital-kartlar","status":"publish","type":"product","link":"https:\/\/www.lifytag.com\/EN\/product\/lifytag-stil-dijital-kartlar\/","title":{"rendered":"Stil Dijital QR"},"content":{"rendered":"<p>QR kimlikleriniz sayesinde herkes kolayca e\u015fyalar\u0131n size ait oldu\u011funu bilecek. Ayr\u0131ca kare kodunuzun hangi b\u00f6lgeden ve ne zaman tarat\u0131ld\u0131\u011f\u0131n\u0131 da takip edebileceksiniz.<\/p>\n<p>Web sitemizde \u00fcr\u00fcnlerimizin dijital kopyas\u0131 sat\u0131lmaktad\u0131r, QR kimliklerinizin haz\u0131r bas\u0131lm\u0131\u015f versiyonlar\u0131 i\u00e7in Trendyol ma\u011fazam\u0131z\u0131 ziyaret edebilirsiniz. Trendyol ma\u011fazas\u0131na gitmek i\u00e7in <a href=\"https:\/\/www.trendyol.com\/lifytag\/qr-etiket-dijital-valiz-etiketi-p-744620322?boutiqueId=61&amp;merchantId=840298&amp;filterOverPriceListings=false&amp;sav=true\">t\u0131klay\u0131n\u0131z<\/a>.<\/p>\n<p>&nbsp;<\/p>\n","protected":false},"excerpt":{"rendered":"<p>QR kimlikleriniz sayesinde herkes kolayca e\u015fyalar\u0131n size ait oldu\u011funu bilecek. Ayr\u0131ca kare kodunuzun hangi b\u00f6lgeden ve ne zaman tarat\u0131ld\u0131\u011f\u0131n\u0131 da takip edebileceksiniz. Web sitemizde \u00fcr\u00fcnlerimizin dijital kopyas\u0131 sat\u0131lmaktad\u0131r, QR kimliklerinizin haz\u0131r bas\u0131lm\u0131\u015f versiyonlar\u0131 i\u00e7in Trendyol ma\u011fazam\u0131z\u0131 ziyaret edebilirsiniz. Trendyol ma\u011fazas\u0131na gitmek i\u00e7in t\u0131klay\u0131n\u0131z. &nbsp;<\/p>\n","protected":false},"featured_media":8631,"comment_status":"open","ping_status":"closed","template":"","meta":{"om_disable_all_campaigns":false,"_monsterinsights_skip_tracking":false,"_monsterinsights_sitenote_active":false,"_monsterinsights_sitenote_note":"","_monsterinsights_sitenote_category":0},"product_brand":[],"product_cat":[137],"product_tag":[],"class_list":{"0":"post-8441","1":"product","2":"type-product","3":"status-publish","4":"has-post-thumbnail","6":"product_cat-general","8":"first","9":"outofstock","10":"featured","11":"shipping-taxable","12":"product-type-variable"},"aioseo_notices":[],"jetpack_sharing_enabled":true,"_links":{"self":[{"href":"https:\/\/www.lifytag.com\/EN\/wp-json\/wp\/v2\/product\/8441","targetHints":{"allow":["GET"]}}],"collection":[{"href":"https:\/\/www.lifytag.com\/EN\/wp-json\/wp\/v2\/product"}],"about":[{"href":"https:\/\/www.lifytag.com\/EN\/wp-json\/wp\/v2\/types\/product"}],"replies":[{"embeddable":true,"href":"https:\/\/www.lifytag.com\/EN\/wp-json\/wp\/v2\/comments?post=8441"}],"wp:featuredmedia":[{"embeddable":true,"href":"https:\/\/www.lifytag.com\/EN\/wp-json\/wp\/v2\/media\/8631"}],"wp:attachment":[{"href":"https:\/\/www.lifytag.com\/EN\/wp-json\/wp\/v2\/media?parent=8441"}],"wp:term":[{"taxonomy":"product_brand","embeddable":true,"href":"https:\/\/www.lifytag.com\/EN\/wp-json\/wp\/v2\/product_brand?post=8441"},{"taxonomy":"product_cat","embeddable":true,"href":"https:\/\/www.lifytag.com\/EN\/wp-json\/wp\/v2\/product_cat?post=8441"},{"taxonomy":"product_tag","embeddable":true,"href":"https:\/\/www.lifytag.com\/EN\/wp-json\/wp\/v2\/product_tag?post=8441"}],"curies":[{"name":"wp","href":"https:\/\/api.w.org\/{rel}","templated":true}]}}