{"id":8373,"date":"2023-07-31T11:23:43","date_gmt":"2023-07-31T08:23:43","guid":{"rendered":"https:\/\/www.lifytag.com\/EN\/?post_type=product&#038;p=8373"},"modified":"2024-02-06T13:03:59","modified_gmt":"2024-02-06T10:03:59","slug":"lifytag-qr-dijital-telefon-kimligi","status":"publish","type":"product","link":"https:\/\/www.lifytag.com\/EN\/product\/lifytag-qr-dijital-telefon-kimligi\/","title":{"rendered":"Mobil Wallpaper"},"content":{"rendered":"<p>Size \u00f6zel haz\u0131rlanm\u0131\u015f, lifytag QR kodlar\u0131n\u0131z\u0131 telefonunuzun kilit ekran\u0131na wallpaper olarak kulland\u0131\u011f\u0131n\u0131z zaman, telefonunuzu unutsan\u0131z bile tu\u015f kilidini a\u00e7madan size ait oldu\u011funu herkes bilir.<\/p>\n<p>Lifytag Siz uzaklardayken<\/p>\n","protected":false},"excerpt":{"rendered":"<p>Mobil ekrana uyumlu 1080 x 1920 \u00f6l\u00e7\u00fcs\u00fcnde tasarlanm\u0131\u015ft\u0131r.<\/p>\n","protected":false},"featured_media":8658,"comment_status":"open","ping_status":"closed","template":"","meta":{"om_disable_all_campaigns":false,"_monsterinsights_skip_tracking":false,"_monsterinsights_sitenote_active":false,"_monsterinsights_sitenote_note":"","_monsterinsights_sitenote_category":0},"product_brand":[],"product_cat":[137],"product_tag":[],"class_list":{"0":"post-8373","1":"product","2":"type-product","3":"status-publish","4":"has-post-thumbnail","6":"product_cat-general","8":"first","9":"outofstock","10":"sale","11":"shipping-taxable","12":"purchasable","13":"product-type-variable","14":"has-default-attributes"},"aioseo_notices":[],"jetpack_sharing_enabled":true,"_links":{"self":[{"href":"https:\/\/www.lifytag.com\/EN\/wp-json\/wp\/v2\/product\/8373","targetHints":{"allow":["GET"]}}],"collection":[{"href":"https:\/\/www.lifytag.com\/EN\/wp-json\/wp\/v2\/product"}],"about":[{"href":"https:\/\/www.lifytag.com\/EN\/wp-json\/wp\/v2\/types\/product"}],"replies":[{"embeddable":true,"href":"https:\/\/www.lifytag.com\/EN\/wp-json\/wp\/v2\/comments?post=8373"}],"wp:featuredmedia":[{"embeddable":true,"href":"https:\/\/www.lifytag.com\/EN\/wp-json\/wp\/v2\/media\/8658"}],"wp:attachment":[{"href":"https:\/\/www.lifytag.com\/EN\/wp-json\/wp\/v2\/media?parent=8373"}],"wp:term":[{"taxonomy":"product_brand","embeddable":true,"href":"https:\/\/www.lifytag.com\/EN\/wp-json\/wp\/v2\/product_brand?post=8373"},{"taxonomy":"product_cat","embeddable":true,"href":"https:\/\/www.lifytag.com\/EN\/wp-json\/wp\/v2\/product_cat?post=8373"},{"taxonomy":"product_tag","embeddable":true,"href":"https:\/\/www.lifytag.com\/EN\/wp-json\/wp\/v2\/product_tag?post=8373"}],"curies":[{"name":"wp","href":"https:\/\/api.w.org\/{rel}","templated":true}]}}