{"id":2678,"date":"2023-05-31T07:21:17","date_gmt":"2023-05-31T07:21:17","guid":{"rendered":"https:\/\/www.lifytag.com\/EN\/?post_type=product&#038;p=2678"},"modified":"2024-02-06T13:04:00","modified_gmt":"2024-02-06T10:04:00","slug":"lifytag-cam-etiketi","status":"publish","type":"product","link":"https:\/\/www.lifytag.com\/EN\/product\/lifytag-cam-etiketi\/","title":{"rendered":"Lifytag Cam Etiketi"},"content":{"rendered":"<p>Art\u0131k arac\u0131n\u0131z\u0131 park etti\u011finizde ka\u011f\u0131t kalem araman\u0131za gerek yok, numarat\u00f6r kullanman\u0131za gerek yok. Numaran\u0131z\u0131 istedi\u011finiz zaman yazabilirsiniz veya de\u011fi\u015ftirebilirsiniz ayr\u0131ca numaran\u0131za bakt\u0131lar m\u0131 takip edebilirsiniz.<\/p>\n<p>\u00dcr\u00fcn\u00fcn etiket versiyonu trendyol ma\u011fazam\u0131zda. Sat\u0131n almak i\u00e7in <a href=\"https:\/\/www.trendyol.com\/lifytag\/arac-cam-etiketi-qr-numarator-p-744620752?boutiqueId=61&amp;merchantId=840298&amp;filterOverPriceListings=false&amp;sav=true\">t\u0131klay\u0131n\u0131z<\/a>.<\/p>\n<p>&nbsp;<\/p>\n<p>&nbsp;<\/p>\n","protected":false},"excerpt":{"rendered":"<p>Arac\u0131n\u0131z\u0131n cam\u0131na art\u0131k not b\u0131rakmak zorunda de\u011filsiniz. Numarat\u00f6r kullanman\u0131za gerek kalmayacak, qr etiketinizi arac\u0131n\u0131z\u0131n cam\u0131na yap\u0131\u015ft\u0131rarak diledi\u011finiz zaman sadece telefon numaran\u0131z\u0131 de\u011fil istedi\u011finiz notu yazabilirsiniz. Cam etiketlerimiz i\u00e7ten yap\u0131\u015fkanl\u0131d\u0131r.<\/p>\n<p>\u00dcr\u00fcn\u00fcn etiket versiyonu trendyol ma\u011fazam\u0131zda. Sat\u0131n almak i\u00e7in t\u0131klay\u0131n\u0131z.<\/p>\n","protected":false},"featured_media":8060,"comment_status":"open","ping_status":"closed","template":"","meta":{"om_disable_all_campaigns":false,"_monsterinsights_skip_tracking":false,"_monsterinsights_sitenote_active":false,"_monsterinsights_sitenote_note":"","_monsterinsights_sitenote_category":0},"product_brand":[],"product_cat":[137],"product_tag":[224],"class_list":{"0":"post-2678","1":"product","2":"type-product","3":"status-publish","4":"has-post-thumbnail","6":"product_cat-general","7":"product_tag-numarator-qr-karekod-etiket-araba-cam","9":"first","10":"outofstock","11":"featured","12":"shipping-taxable","13":"product-type-variable","14":"has-default-attributes"},"aioseo_notices":[],"jetpack_sharing_enabled":true,"_links":{"self":[{"href":"https:\/\/www.lifytag.com\/EN\/wp-json\/wp\/v2\/product\/2678","targetHints":{"allow":["GET"]}}],"collection":[{"href":"https:\/\/www.lifytag.com\/EN\/wp-json\/wp\/v2\/product"}],"about":[{"href":"https:\/\/www.lifytag.com\/EN\/wp-json\/wp\/v2\/types\/product"}],"replies":[{"embeddable":true,"href":"https:\/\/www.lifytag.com\/EN\/wp-json\/wp\/v2\/comments?post=2678"}],"wp:featuredmedia":[{"embeddable":true,"href":"https:\/\/www.lifytag.com\/EN\/wp-json\/wp\/v2\/media\/8060"}],"wp:attachment":[{"href":"https:\/\/www.lifytag.com\/EN\/wp-json\/wp\/v2\/media?parent=2678"}],"wp:term":[{"taxonomy":"product_brand","embeddable":true,"href":"https:\/\/www.lifytag.com\/EN\/wp-json\/wp\/v2\/product_brand?post=2678"},{"taxonomy":"product_cat","embeddable":true,"href":"https:\/\/www.lifytag.com\/EN\/wp-json\/wp\/v2\/product_cat?post=2678"},{"taxonomy":"product_tag","embeddable":true,"href":"https:\/\/www.lifytag.com\/EN\/wp-json\/wp\/v2\/product_tag?post=2678"}],"curies":[{"name":"wp","href":"https:\/\/api.w.org\/{rel}","templated":true}]}}